{"id":6740,"date":"2016-03-31T15:19:46","date_gmt":"2016-03-31T15:19:46","guid":{"rendered":"http:\/\/eu.aimint.org\/fr\/?page_id=6740"},"modified":"2025-10-15T09:52:20","modified_gmt":"2025-10-15T08:52:20","slug":"about","status":"publish","type":"page","link":"https:\/\/eu.aimint.org\/fr\/about\/","title":{"rendered":"Notre histoire"},"content":{"rendered":"<h1>Notre histoire<\/h1>\n<p class=\"dropcap\">Africa Inland Mission (AIM), est une organisation missionnaire chr\u00e9tienne. Tout a commenc\u00e9 avec un petit groupe d\u2019hommes et de femmes de foi qui, en 1895, r\u00e9pondant \u00e0 l\u2019appel de Dieu, se sont aventur\u00e9s \u00e0 l\u2019int\u00e9rieur des terres africaines afin de partager la Bonne Nouvelle de l\u2019\u00c9vangile \u00e0 des peuples qui n\u2019en avaient jamais entendu parler. Une vision qui \u00e9tablira la trajectoire d\u2019AIM pour les 120 ann\u00e9es qui suivront\u00a0: une communaut\u00e9 appel\u00e9e et envoy\u00e9e pour vivre et partager l\u2019\u00c9vangile de J\u00e9sus-Christ parmi les peuples africains. Un appel et une vision qui perdurent encore aujourd\u2019hui\u2026<\/p>\n<div class=\"asideRight\">\n<p><img fetchpriority=\"high\" decoding=\"async\" class=\"alignnone size-large wp-image-5788\" src=\"https:\/\/eu.aimint.org\/wp-content\/uploads\/2016\/01\/aboutPeople-1024x576.jpg\" alt=\"aboutPeople\" width=\"1024\" height=\"576\" srcset=\"https:\/\/eu.aimint.org\/wp-content\/uploads\/2016\/01\/aboutPeople-1024x576.jpg 1024w, https:\/\/eu.aimint.org\/wp-content\/uploads\/2016\/01\/aboutPeople-300x169.jpg 300w, https:\/\/eu.aimint.org\/wp-content\/uploads\/2016\/01\/aboutPeople.jpg 2000w\" sizes=\"(max-width: 1024px) 100vw, 1024px\" \/><\/p>\n<p>Environ 1000 groupes ethniques sur 3700 n\u2019ont pas encore entendu la Bonne Nouvelle de l\u2019\u00c9vangile.<\/p>\n<\/div>\n<p>La r\u00e9alit\u00e9 du terrain est un peu diff\u00e9rente au 21\u00e8me si\u00e8cle. La majorit\u00e9 des africains poss\u00e8dent un t\u00e9l\u00e9phone mobile. Ils sont sur Facebook. Beaucoup s\u2019installent dans les centres urbains, aspirent \u00e0 la modernisation, \u00e9migrent m\u00eame partout sur le reste du globe. L\u2019Afrique a la croissance la plus rapide au monde, et d\u2019ici 2050, on estime qu\u20191 personne sur 4 sera africaine.<\/p>\n<p>En tant que puissance mondiale \u00e9mergeante, les nations africaines sont prises au pi\u00e8ge dans des combats pour leurs \u00e9conomies vibrantes et leurs ressources naturelles pr\u00e9cieuses. Elles sont aussi impliqu\u00e9es dans un combat spirituel intense. Des traditions ancestrales et un islam puissant retiennent beaucoup de personnes captives. Mais l\u2019\u00c9glise est bien pr\u00e9sente. Elle grandit en nombre et en qualit\u00e9 mais elle n\u2019a pas atteint chaque village africain. Pas encore\u2026<\/p>\n<p>Aujourd\u2019hui, \u201cl\u2019int\u00e9rieur des terres\u201d, ces endroits o\u00f9 l\u2019\u00c9vangile n\u2019a pas encore pris racine, n\u2019est plus g\u00e9ographique mais plut\u00f4t culturel et id\u00e9ologique. \u00c0 l\u2019int\u00e9rieur d\u2019un m\u00eame pays l\u2019Eglise peut \u00eatre une r\u00e9alit\u00e9 vivante pour un peuple donn\u00e9 et compl\u00e8tement inconnue pour un autre. \u00c0 cause de ces barri\u00e8res, un millier de peuples sur les 3700 groupes ethniques n\u2019ont encore jamais entendu la Bonne Nouvelle de l\u2019\u00c9vangile. Cela repr\u00e9sente plus de 300 millions de personnes qui ont tr\u00e8s peu de chance d\u2019\u00eatre expos\u00e9es \u00e0 l\u2019\u00c9vangile, et encore moins de devenir disciples de J\u00e9sus. C\u2019est pour eux que nous nous engageons.<\/p>\n<div class=\"asideLeft\">\n<p><img decoding=\"async\" class=\"alignnone size-large wp-image-5789\" src=\"https:\/\/eu.aimint.org\/wp-content\/uploads\/2016\/01\/aboutIslam-1024x576.jpg\" alt=\"aboutIslam\" width=\"1024\" height=\"576\" srcset=\"https:\/\/eu.aimint.org\/wp-content\/uploads\/2016\/01\/aboutIslam-1024x576.jpg 1024w, https:\/\/eu.aimint.org\/wp-content\/uploads\/2016\/01\/aboutIslam-300x169.jpg 300w, https:\/\/eu.aimint.org\/wp-content\/uploads\/2016\/01\/aboutIslam.jpg 2000w\" sizes=\"(max-width: 1024px) 100vw, 1024px\" \/><\/p>\n<p>Plus de 300 millions de personnes n\u2019ont pas ou tr\u00e8s peu de chances d\u2019\u00eatre expos\u00e9es \u00e0 la Bonne Nouvelle de l\u2019\u00c9vangile. Beaucoup d\u2019entre eux vivent dans des pays musulmans.<\/p>\n<\/div>\n<p>Aujourd\u2019hui, AIM met tout en \u0153uvre pour franchir les obstacles en cr\u00e9ant de nouvelles opportunit\u00e9s pour atteindre les derniers peuples africains qui n\u2019ont pas encore entendu l\u2019\u00c9vangile, o\u00f9 qu\u2019ils vivent, et d\u2019en faire des disciples. Depuis le centre de l\u2019Afrique jusque dans les villes europ\u00e9ennes, nous encourageons, fortifions et \u00e9tablissons des partenariats avec l\u2019\u00c9glise africaine afin d\u2019atteindre ensemble ces peuples non-atteints et nous nous r\u00e9jouissons de voir des \u00e9glises centr\u00e9es sur Christ parmi tous les peuples d\u2019Afrique.<\/p>\n<p>Nous faisons partie d\u2019un mouvement ancr\u00e9 dans une histoire riche et pourvu d\u2019une vision renouvel\u00e9e. Nous venons comme apprentis et travaillons en \u00e9quipe. Nous allons dans des endroits les plus difficiles mais nous sommes des gens ordinaires, transform\u00e9s par J\u00e9sus et appel\u00e9s \u00e0 vivre une aventure extraordinaire, privil\u00e9gi\u00e9s de faire partie de l\u2019\u0153uvre r\u00e9demptrice de Dieu en Afrique.<\/p>\n","protected":false},"excerpt":{"rendered":"<p>AIM est une organisation missionnaire chr\u00e9tienne \u00e9vang\u00e9lique qui envoie des volontaires dans plus de 20 pays africains. Notre passion est de voir des \u00e9glises centr\u00e9es sur Christ parmi tous les peuples d\u2019Afrique.<\/p>\n","protected":false},"author":15,"featured_media":5767,"parent":0,"menu_order":0,"comment_status":"closed","ping_status":"closed","template":"","meta":{"_acf_changed":false,"give_campaign_id":0,"wpupg_custom_link":[],"wpupg_custom_link_behaviour":[],"wpupg_custom_link_nofollow":[],"wpupg_custom_image":[],"wpupg_custom_image_id":[],"_monsterinsights_skip_tracking":false,"_monsterinsights_sitenote_active":false,"_monsterinsights_sitenote_note":"","_monsterinsights_sitenote_category":0,"site-sidebar-layout":"default","site-content-layout":"default","ast-site-content-layout":"default","site-content-style":"default","site-sidebar-style":"default","ast-global-header-display":"","ast-banner-title-visibility":"","ast-main-header-display":"disabled","ast-hfb-above-header-display":"","ast-hfb-below-header-display":"","ast-hfb-mobile-header-display":"","site-post-title":"disabled","ast-breadcrumbs-content":"disabled","ast-featured-img":"disabled","footer-sml-layout":"","ast-disable-related-posts":"","theme-transparent-header-meta":"default","adv-header-id-meta":"","stick-header-meta":"","header-above-stick-meta":"","header-main-stick-meta":"","header-below-stick-meta":"","astra-migrate-meta-layouts":"default","ast-page-background-enabled":"default","ast-page-background-meta":{"desktop":{"background-color":"","background-image":"","background-repeat":"repeat","background-position":"center center","background-size":"auto","background-attachment":"scroll","background-type":"","background-media":"","overlay-type":"","overlay-color":"","overlay-opacity":"","overlay-gradient":""},"tablet":{"background-color":"","background-image":"","background-repeat":"repeat","background-position":"center center","background-size":"auto","background-attachment":"scroll","background-type":"","background-media":"","overlay-type":"","overlay-color":"","overlay-opacity":"","overlay-gradient":""},"mobile":{"background-color":"","background-image":"","background-repeat":"repeat","background-position":"center center","background-size":"auto","background-attachment":"scroll","background-type":"","background-media":"","overlay-type":"","overlay-color":"","overlay-opacity":"","overlay-gradient":""}},"ast-content-background-meta":{"desktop":{"background-color":"var(--ast-global-color-5)","background-image":"","background-repeat":"repeat","background-position":"center center","background-size":"auto","background-attachment":"scroll","background-type":"","background-media":"","overlay-type":"","overlay-color":"","overlay-opacity":"","overlay-gradient":""},"tablet":{"background-color":"var(--ast-global-color-5)","background-image":"","background-repeat":"repeat","background-position":"center center","background-size":"auto","background-attachment":"scroll","background-type":"","background-media":"","overlay-type":"","overlay-color":"","overlay-opacity":"","overlay-gradient":""},"mobile":{"background-color":"var(--ast-global-color-5)","background-image":"","background-repeat":"repeat","background-position":"center center","background-size":"auto","background-attachment":"scroll","background-type":"","background-media":"","overlay-type":"","overlay-color":"","overlay-opacity":"","overlay-gradient":""}},"_EventAllDay":false,"_EventTimezone":"","_EventStartDate":"","_EventEndDate":"","_EventStartDateUTC":"","_EventEndDateUTC":"","_EventShowMap":false,"_EventShowMapLink":false,"_EventURL":"","_EventCost":"","_EventCostDescription":"","_EventCurrencySymbol":"","_EventCurrencyCode":"","_EventCurrencyPosition":"","_EventDateTimeSeparator":"","_EventTimeRangeSeparator":"","_EventOrganizerID":[],"_EventVenueID":[],"_OrganizerEmail":"","_OrganizerPhone":"","_OrganizerWebsite":"","_VenueAddress":"","_VenueCity":"","_VenueCountry":"","_VenueProvince":"","_VenueState":"","_VenueZip":"","_VenuePhone":"","_VenueURL":"","_VenueStateProvince":"","_VenueLat":"","_VenueLng":"","_VenueShowMap":false,"_VenueShowMapLink":false,"footnotes":""},"pages_cats":[],"class_list":["post-6740","page","type-page","status-publish","has-post-thumbnail","hentry"],"acf":[],"yoast_head":"<!-- This site is optimized with the Yoast SEO plugin v27.5 - https:\/\/yoast.com\/product\/yoast-seo-wordpress\/ -->\n<title>Notre histoire - Africa Inland Mission (Europe)<\/title>\n<meta name=\"robots\" content=\"index, follow, max-snippet:-1, max-image-preview:large, max-video-preview:-1\" \/>\n<link rel=\"canonical\" href=\"https:\/\/eu.aimint.org\/fr\/about\/\" \/>\n<meta property=\"og:locale\" content=\"fr_FR\" \/>\n<meta property=\"og:type\" content=\"article\" \/>\n<meta property=\"og:title\" content=\"Notre histoire - Africa Inland Mission (Europe)\" \/>\n<meta property=\"og:description\" content=\"AIM est une organisation missionnaire chr\u00e9tienne \u00e9vang\u00e9lique qui envoie des volontaires dans plus de 20 pays africains. Notre passion est de voir des \u00e9glises centr\u00e9es sur Christ parmi tous les peuples d\u2019Afrique.\" \/>\n<meta property=\"og:url\" content=\"https:\/\/eu.aimint.org\/fr\/about\/\" \/>\n<meta property=\"og:site_name\" content=\"Africa Inland Mission (Europe)\" \/>\n<meta property=\"article:publisher\" content=\"http:\/\/www.facebook.com\/aimeurope\" \/>\n<meta property=\"article:modified_time\" content=\"2025-10-15T08:52:20+00:00\" \/>\n<meta property=\"og:image\" content=\"https:\/\/eu.aimint.org\/wp-content\/uploads\/2016\/01\/aboutHeading.jpg\" \/>\n\t<meta property=\"og:image:width\" content=\"2000\" \/>\n\t<meta property=\"og:image:height\" content=\"1125\" \/>\n\t<meta property=\"og:image:type\" content=\"image\/jpeg\" \/>\n<meta name=\"twitter:card\" content=\"summary_large_image\" \/>\n<meta name=\"twitter:site\" content=\"@aimeurope\" \/>\n<meta name=\"twitter:label1\" content=\"Dur\u00e9e de lecture estim\u00e9e\" \/>\n\t<meta name=\"twitter:data1\" content=\"3 minutes\" \/>\n<script type=\"application\/ld+json\" class=\"yoast-schema-graph\">{\"@context\":\"https:\\\/\\\/schema.org\",\"@graph\":[{\"@type\":\"WebPage\",\"@id\":\"https:\\\/\\\/eu.aimint.org\\\/fr\\\/about\\\/\",\"url\":\"https:\\\/\\\/eu.aimint.org\\\/fr\\\/about\\\/\",\"name\":\"Notre histoire - Africa Inland Mission (Europe)\",\"isPartOf\":{\"@id\":\"https:\\\/\\\/eu.aimint.org\\\/fr\\\/#website\"},\"primaryImageOfPage\":{\"@id\":\"https:\\\/\\\/eu.aimint.org\\\/fr\\\/about\\\/#primaryimage\"},\"image\":{\"@id\":\"https:\\\/\\\/eu.aimint.org\\\/fr\\\/about\\\/#primaryimage\"},\"thumbnailUrl\":\"https:\\\/\\\/eu.aimint.org\\\/wp-content\\\/uploads\\\/2016\\\/01\\\/aboutHeading.jpg\",\"datePublished\":\"2016-03-31T15:19:46+00:00\",\"dateModified\":\"2025-10-15T08:52:20+00:00\",\"breadcrumb\":{\"@id\":\"https:\\\/\\\/eu.aimint.org\\\/fr\\\/about\\\/#breadcrumb\"},\"inLanguage\":\"fr-FR\",\"potentialAction\":[{\"@type\":\"ReadAction\",\"target\":[\"https:\\\/\\\/eu.aimint.org\\\/fr\\\/about\\\/\"]}]},{\"@type\":\"ImageObject\",\"inLanguage\":\"fr-FR\",\"@id\":\"https:\\\/\\\/eu.aimint.org\\\/fr\\\/about\\\/#primaryimage\",\"url\":\"https:\\\/\\\/eu.aimint.org\\\/wp-content\\\/uploads\\\/2016\\\/01\\\/aboutHeading.jpg\",\"contentUrl\":\"https:\\\/\\\/eu.aimint.org\\\/wp-content\\\/uploads\\\/2016\\\/01\\\/aboutHeading.jpg\",\"width\":2000,\"height\":1125},{\"@type\":\"BreadcrumbList\",\"@id\":\"https:\\\/\\\/eu.aimint.org\\\/fr\\\/about\\\/#breadcrumb\",\"itemListElement\":[{\"@type\":\"ListItem\",\"position\":1,\"name\":\"Home\",\"item\":\"https:\\\/\\\/eu.aimint.org\\\/fr\\\/accueil-3\\\/\"},{\"@type\":\"ListItem\",\"position\":2,\"name\":\"Notre histoire\"}]},{\"@type\":\"WebSite\",\"@id\":\"https:\\\/\\\/eu.aimint.org\\\/fr\\\/#website\",\"url\":\"https:\\\/\\\/eu.aimint.org\\\/fr\\\/\",\"name\":\"Africa Inland Mission (Europe)\",\"description\":\"Reaching the unreached together\",\"publisher\":{\"@id\":\"https:\\\/\\\/eu.aimint.org\\\/fr\\\/#organization\"},\"potentialAction\":[{\"@type\":\"SearchAction\",\"target\":{\"@type\":\"EntryPoint\",\"urlTemplate\":\"https:\\\/\\\/eu.aimint.org\\\/fr\\\/?s={search_term_string}\"},\"query-input\":{\"@type\":\"PropertyValueSpecification\",\"valueRequired\":true,\"valueName\":\"search_term_string\"}}],\"inLanguage\":\"fr-FR\"},{\"@type\":\"Organization\",\"@id\":\"https:\\\/\\\/eu.aimint.org\\\/fr\\\/#organization\",\"name\":\"Africa Inland Mission (Europe)\",\"url\":\"https:\\\/\\\/eu.aimint.org\\\/fr\\\/\",\"logo\":{\"@type\":\"ImageObject\",\"inLanguage\":\"fr-FR\",\"@id\":\"https:\\\/\\\/eu.aimint.org\\\/fr\\\/#\\\/schema\\\/logo\\\/image\\\/\",\"url\":\"https:\\\/\\\/eu.aimint.org\\\/wp-content\\\/uploads\\\/2023\\\/09\\\/AIM-long-logo-colour.png\",\"contentUrl\":\"https:\\\/\\\/eu.aimint.org\\\/wp-content\\\/uploads\\\/2023\\\/09\\\/AIM-long-logo-colour.png\",\"width\":811,\"height\":203,\"caption\":\"Africa Inland Mission (Europe)\"},\"image\":{\"@id\":\"https:\\\/\\\/eu.aimint.org\\\/fr\\\/#\\\/schema\\\/logo\\\/image\\\/\"},\"sameAs\":[\"http:\\\/\\\/www.facebook.com\\\/aimeurope\",\"https:\\\/\\\/x.com\\\/aimeurope\"]}]}<\/script>\n<!-- \/ Yoast SEO plugin. -->","yoast_head_json":{"title":"Notre histoire - Africa Inland Mission (Europe)","robots":{"index":"index","follow":"follow","max-snippet":"max-snippet:-1","max-image-preview":"max-image-preview:large","max-video-preview":"max-video-preview:-1"},"canonical":"https:\/\/eu.aimint.org\/fr\/about\/","og_locale":"fr_FR","og_type":"article","og_title":"Notre histoire - Africa Inland Mission (Europe)","og_description":"AIM est une organisation missionnaire chr\u00e9tienne \u00e9vang\u00e9lique qui envoie des volontaires dans plus de 20 pays africains. Notre passion est de voir des \u00e9glises centr\u00e9es sur Christ parmi tous les peuples d\u2019Afrique.","og_url":"https:\/\/eu.aimint.org\/fr\/about\/","og_site_name":"Africa Inland Mission (Europe)","article_publisher":"http:\/\/www.facebook.com\/aimeurope","article_modified_time":"2025-10-15T08:52:20+00:00","og_image":[{"width":2000,"height":1125,"url":"https:\/\/eu.aimint.org\/wp-content\/uploads\/2016\/01\/aboutHeading.jpg","type":"image\/jpeg"}],"twitter_card":"summary_large_image","twitter_site":"@aimeurope","twitter_misc":{"Dur\u00e9e de lecture estim\u00e9e":"3 minutes"},"schema":{"@context":"https:\/\/schema.org","@graph":[{"@type":"WebPage","@id":"https:\/\/eu.aimint.org\/fr\/about\/","url":"https:\/\/eu.aimint.org\/fr\/about\/","name":"Notre histoire - Africa Inland Mission (Europe)","isPartOf":{"@id":"https:\/\/eu.aimint.org\/fr\/#website"},"primaryImageOfPage":{"@id":"https:\/\/eu.aimint.org\/fr\/about\/#primaryimage"},"image":{"@id":"https:\/\/eu.aimint.org\/fr\/about\/#primaryimage"},"thumbnailUrl":"https:\/\/eu.aimint.org\/wp-content\/uploads\/2016\/01\/aboutHeading.jpg","datePublished":"2016-03-31T15:19:46+00:00","dateModified":"2025-10-15T08:52:20+00:00","breadcrumb":{"@id":"https:\/\/eu.aimint.org\/fr\/about\/#breadcrumb"},"inLanguage":"fr-FR","potentialAction":[{"@type":"ReadAction","target":["https:\/\/eu.aimint.org\/fr\/about\/"]}]},{"@type":"ImageObject","inLanguage":"fr-FR","@id":"https:\/\/eu.aimint.org\/fr\/about\/#primaryimage","url":"https:\/\/eu.aimint.org\/wp-content\/uploads\/2016\/01\/aboutHeading.jpg","contentUrl":"https:\/\/eu.aimint.org\/wp-content\/uploads\/2016\/01\/aboutHeading.jpg","width":2000,"height":1125},{"@type":"BreadcrumbList","@id":"https:\/\/eu.aimint.org\/fr\/about\/#breadcrumb","itemListElement":[{"@type":"ListItem","position":1,"name":"Home","item":"https:\/\/eu.aimint.org\/fr\/accueil-3\/"},{"@type":"ListItem","position":2,"name":"Notre histoire"}]},{"@type":"WebSite","@id":"https:\/\/eu.aimint.org\/fr\/#website","url":"https:\/\/eu.aimint.org\/fr\/","name":"Africa Inland Mission (Europe)","description":"Reaching the unreached together","publisher":{"@id":"https:\/\/eu.aimint.org\/fr\/#organization"},"potentialAction":[{"@type":"SearchAction","target":{"@type":"EntryPoint","urlTemplate":"https:\/\/eu.aimint.org\/fr\/?s={search_term_string}"},"query-input":{"@type":"PropertyValueSpecification","valueRequired":true,"valueName":"search_term_string"}}],"inLanguage":"fr-FR"},{"@type":"Organization","@id":"https:\/\/eu.aimint.org\/fr\/#organization","name":"Africa Inland Mission (Europe)","url":"https:\/\/eu.aimint.org\/fr\/","logo":{"@type":"ImageObject","inLanguage":"fr-FR","@id":"https:\/\/eu.aimint.org\/fr\/#\/schema\/logo\/image\/","url":"https:\/\/eu.aimint.org\/wp-content\/uploads\/2023\/09\/AIM-long-logo-colour.png","contentUrl":"https:\/\/eu.aimint.org\/wp-content\/uploads\/2023\/09\/AIM-long-logo-colour.png","width":811,"height":203,"caption":"Africa Inland Mission (Europe)"},"image":{"@id":"https:\/\/eu.aimint.org\/fr\/#\/schema\/logo\/image\/"},"sameAs":["http:\/\/www.facebook.com\/aimeurope","https:\/\/x.com\/aimeurope"]}]}},"campaignId":"","publishpress_future_action":{"enabled":false,"date":"2026-05-11 02:50:19","action":"change-status","newStatus":"draft","terms":[],"taxonomy":"translation_priority","extraData":[]},"publishpress_future_workflow_manual_trigger":{"enabledWorkflows":[]},"_links":{"self":[{"href":"https:\/\/eu.aimint.org\/fr\/wp-json\/wp\/v2\/pages\/6740","targetHints":{"allow":["GET"]}}],"collection":[{"href":"https:\/\/eu.aimint.org\/fr\/wp-json\/wp\/v2\/pages"}],"about":[{"href":"https:\/\/eu.aimint.org\/fr\/wp-json\/wp\/v2\/types\/page"}],"author":[{"embeddable":true,"href":"https:\/\/eu.aimint.org\/fr\/wp-json\/wp\/v2\/users\/15"}],"replies":[{"embeddable":true,"href":"https:\/\/eu.aimint.org\/fr\/wp-json\/wp\/v2\/comments?post=6740"}],"version-history":[{"count":0,"href":"https:\/\/eu.aimint.org\/fr\/wp-json\/wp\/v2\/pages\/6740\/revisions"}],"wp:featuredmedia":[{"embeddable":true,"href":"https:\/\/eu.aimint.org\/fr\/wp-json\/wp\/v2\/media\/5767"}],"wp:attachment":[{"href":"https:\/\/eu.aimint.org\/fr\/wp-json\/wp\/v2\/media?parent=6740"}],"wp:term":[{"taxonomy":"pages_cats","embeddable":true,"href":"https:\/\/eu.aimint.org\/fr\/wp-json\/wp\/v2\/pages_cats?post=6740"}],"curies":[{"name":"wp","href":"https:\/\/api.w.org\/{rel}","templated":true}]}}