{"id":49240,"date":"2022-04-13T08:38:21","date_gmt":"2022-04-13T08:38:21","guid":{"rendered":"https:\/\/eu.aimint.org\/priez-pour-le-peuple-sakalava-non-atteint\/"},"modified":"2025-10-15T09:52:24","modified_gmt":"2025-10-15T08:52:24","slug":"priez-pour-le-peuple-sakalava-non-atteint","status":"publish","type":"page","link":"https:\/\/eu.aimint.org\/fr\/priez-pour-le-peuple-sakalava-non-atteint\/","title":{"rendered":"Priez pour le peuple Sakalava non atteint"},"content":{"rendered":"<h2>Qui sont les Sakalava ?<\/h2>\n<p>Les Sakalava vivent dans l&#8217;Ouest et le Nord-Ouest de Madagascar. Ils constituent un groupe ethnique minoritaire, repr\u00e9sentant environ 6,2% de la population. Apparent\u00e9s aux Antakarana, ils sont agriculteurs et p\u00eacheurs, semi-nomades, et \u00e9l\u00e8vent \u00e9galement du b\u00e9tail. C\u2019est leur signe de richesse et important pour les sacrifices. L&#8217;identit\u00e9 Sakalava se concentre sur le respect, l&#8217;honneur et le travail pour la royaut\u00e9 Sakalava vivante et morte. Ils ont un syst\u00e8me de castes qui comprend les descendants de la royaut\u00e9, puis les nobles, les roturiers et les esclaves &#8211; chacun conna\u00eet sa position dans la soci\u00e9t\u00e9.<\/p>\n<h2>Quelles sont leurs croyances ?<\/h2>\n<p>Ils croient en un Dieu lointain, cr\u00e9ateur, qui \u00e9tait le premier anc\u00eatre. On peut l&#8217;atteindre \u00e0 travers les esprits ancestraux et les m\u00e9diums humains. Les gens aspirent \u00e0 \u00eatre poss\u00e9d\u00e9s par les esprits, souvent au milieu de beaucoup d&#8217;ivresse, et la sorcellerie est tr\u00e8s r\u00e9pandue. La peur est un compagnon constant : peur du ch\u00e2timent, peur de d\u00e9plaire aux anc\u00eatres et de la mort. Les tabous sont observ\u00e9s dans presque tous les domaines de la vie quotidienne. Tout est orient\u00e9 pour plaire aux anc\u00eatres de la royaut\u00e9.<\/p>\n<h2>Que fait-on pour les atteindre ?<\/h2>\n<p>Une \u00e9quipe TIMO (Training in Ministry Outreach, \u00e9quipe de formation mission transculturelle sur le terrain) a servi parmi les Sakalava de 2013 \u00e0 2015, p\u00e9riode durant laquelle ils ont vu plusieurs personnes venir \u00e0 Christ. Parmi ces nouveaux chr\u00e9tiens, il y avait &#8220;The Band&#8221;, un groupe de musiciens qui a \u00e9crit des chants bibliques en langue sakalava. Rosina Ferdinand, la responsable de l&#8217;\u00e9quipe TIMO, a continu\u00e9 \u00e0 exercer son minist\u00e8re aupr\u00e8s des Sakalava, avec une famille de l&#8217;\u00e9quipe TIMO. Quatre couples sakalava, qui sont de nouveaux croyants, ont re\u00e7u une formation biblique afin de les \u00e9quiper pour \u00e9vang\u00e9liser leur propre peuple. Aujourd\u2019hui encore, Rosina ainsi qu\u2019une autre famille poursuivent le travail parmi les Sakalava.<\/p>\n<p><center><a href=\"https:\/\/eu.aimint.org\/wp-content\/uploads\/2022\/04\/Priez-pour-les-Sakalava.pdf\"><br \/>\n<button>T\u00c9L\u00c9CHARGER LA FICHE PR\u00c9SENTATION<\/button><br \/>\n<\/a><\/center><\/p>\n","protected":false},"excerpt":{"rendered":"<p>Les Sakalava vivent dans l&#8217;Ouest et le Nord-Ouest de Madagascar. Ils constituent un groupe ethnique minoritaire, repr\u00e9sentant environ 6,2% de la population.<\/p>\n","protected":false},"author":15,"featured_media":13963,"parent":0,"menu_order":0,"comment_status":"closed","ping_status":"closed","template":"","meta":{"_acf_changed":false,"give_campaign_id":0,"wpupg_custom_link":[],"wpupg_custom_link_behaviour":[],"wpupg_custom_link_nofollow":[],"wpupg_custom_image":[],"wpupg_custom_image_id":[],"_monsterinsights_skip_tracking":false,"_monsterinsights_sitenote_active":false,"_monsterinsights_sitenote_note":"","_monsterinsights_sitenote_category":0,"site-sidebar-layout":"default","site-content-layout":"default","ast-site-content-layout":"default","site-content-style":"default","site-sidebar-style":"default","ast-global-header-display":"","ast-banner-title-visibility":"","ast-main-header-display":"","ast-hfb-above-header-display":"","ast-hfb-below-header-display":"","ast-hfb-mobile-header-display":"","site-post-title":"","ast-breadcrumbs-content":"","ast-featured-img":"","footer-sml-layout":"","ast-disable-related-posts":"","theme-transparent-header-meta":"default","adv-header-id-meta":"","stick-header-meta":"","header-above-stick-meta":"","header-main-stick-meta":"","header-below-stick-meta":"","astra-migrate-meta-layouts":"default","ast-page-background-enabled":"default","ast-page-background-meta":{"desktop":{"background-color":"","background-image":"","background-repeat":"repeat","background-position":"center center","background-size":"auto","background-attachment":"scroll","background-type":"","background-media":"","overlay-type":"","overlay-color":"","overlay-opacity":"","overlay-gradient":""},"tablet":{"background-color":"","background-image":"","background-repeat":"repeat","background-position":"center center","background-size":"auto","background-attachment":"scroll","background-type":"","background-media":"","overlay-type":"","overlay-color":"","overlay-opacity":"","overlay-gradient":""},"mobile":{"background-color":"","background-image":"","background-repeat":"repeat","background-position":"center center","background-size":"auto","background-attachment":"scroll","background-type":"","background-media":"","overlay-type":"","overlay-color":"","overlay-opacity":"","overlay-gradient":""}},"ast-content-background-meta":{"desktop":{"background-color":"var(--ast-global-color-5)","background-image":"","background-repeat":"repeat","background-position":"center center","background-size":"auto","background-attachment":"scroll","background-type":"","background-media":"","overlay-type":"","overlay-color":"","overlay-opacity":"","overlay-gradient":""},"tablet":{"background-color":"var(--ast-global-color-5)","background-image":"","background-repeat":"repeat","background-position":"center center","background-size":"auto","background-attachment":"scroll","background-type":"","background-media":"","overlay-type":"","overlay-color":"","overlay-opacity":"","overlay-gradient":""},"mobile":{"background-color":"var(--ast-global-color-5)","background-image":"","background-repeat":"repeat","background-position":"center center","background-size":"auto","background-attachment":"scroll","background-type":"","background-media":"","overlay-type":"","overlay-color":"","overlay-opacity":"","overlay-gradient":""}},"_EventAllDay":false,"_EventTimezone":"","_EventStartDate":"","_EventEndDate":"","_EventStartDateUTC":"","_EventEndDateUTC":"","_EventShowMap":false,"_EventShowMapLink":false,"_EventURL":"","_EventCost":"","_EventCostDescription":"","_EventCurrencySymbol":"","_EventCurrencyCode":"","_EventCurrencyPosition":"","_EventDateTimeSeparator":"","_EventTimeRangeSeparator":"","_EventOrganizerID":[],"_EventVenueID":[],"_OrganizerEmail":"","_OrganizerPhone":"","_OrganizerWebsite":"","_VenueAddress":"","_VenueCity":"","_VenueCountry":"","_VenueProvince":"","_VenueState":"","_VenueZip":"","_VenuePhone":"","_VenueURL":"","_VenueStateProvince":"","_VenueLat":"","_VenueLng":"","_VenueShowMap":false,"_VenueShowMapLink":false,"footnotes":""},"pages_cats":[],"class_list":["post-49240","page","type-page","status-publish","has-post-thumbnail","hentry"],"acf":[],"yoast_head":"<!-- This site is optimized with the Yoast SEO plugin v27.4 - https:\/\/yoast.com\/product\/yoast-seo-wordpress\/ -->\n<title>Priez pour le peuple Sakalava non atteint - Africa Inland Mission (Europe)<\/title>\n<meta name=\"robots\" content=\"index, follow, max-snippet:-1, max-image-preview:large, max-video-preview:-1\" \/>\n<link rel=\"canonical\" href=\"https:\/\/eu.aimint.org\/fr\/priez-pour-le-peuple-sakalava-non-atteint\/\" \/>\n<meta property=\"og:locale\" content=\"fr_FR\" \/>\n<meta property=\"og:type\" content=\"article\" \/>\n<meta property=\"og:title\" content=\"Priez pour le peuple Sakalava non atteint - Africa Inland Mission (Europe)\" \/>\n<meta property=\"og:description\" content=\"Les Sakalava vivent dans l&#039;Ouest et le Nord-Ouest de Madagascar. Ils constituent un groupe ethnique minoritaire, repr\u00e9sentant environ 6,2% de la population.\" \/>\n<meta property=\"og:url\" content=\"https:\/\/eu.aimint.org\/fr\/priez-pour-le-peuple-sakalava-non-atteint\/\" \/>\n<meta property=\"og:site_name\" content=\"Africa Inland Mission (Europe)\" \/>\n<meta property=\"article:publisher\" content=\"http:\/\/www.facebook.com\/aimeurope\" \/>\n<meta property=\"article:modified_time\" content=\"2025-10-15T08:52:24+00:00\" \/>\n<meta property=\"og:image\" content=\"https:\/\/eu.aimint.org\/wp-content\/uploads\/2017\/06\/Sakalava-feature-image.jpg\" \/>\n\t<meta property=\"og:image:width\" content=\"2000\" \/>\n\t<meta property=\"og:image:height\" content=\"1125\" \/>\n\t<meta property=\"og:image:type\" content=\"image\/jpeg\" \/>\n<meta name=\"twitter:card\" content=\"summary_large_image\" \/>\n<meta name=\"twitter:site\" content=\"@aimeurope\" \/>\n<meta name=\"twitter:label1\" content=\"Dur\u00e9e de lecture estim\u00e9e\" \/>\n\t<meta name=\"twitter:data1\" content=\"2 minutes\" \/>\n<script type=\"application\/ld+json\" class=\"yoast-schema-graph\">{\"@context\":\"https:\\\/\\\/schema.org\",\"@graph\":[{\"@type\":\"WebPage\",\"@id\":\"https:\\\/\\\/eu.aimint.org\\\/fr\\\/priez-pour-le-peuple-sakalava-non-atteint\\\/\",\"url\":\"https:\\\/\\\/eu.aimint.org\\\/fr\\\/priez-pour-le-peuple-sakalava-non-atteint\\\/\",\"name\":\"Priez pour le peuple Sakalava non atteint - Africa Inland Mission (Europe)\",\"isPartOf\":{\"@id\":\"https:\\\/\\\/eu.aimint.org\\\/fr\\\/#website\"},\"primaryImageOfPage\":{\"@id\":\"https:\\\/\\\/eu.aimint.org\\\/fr\\\/priez-pour-le-peuple-sakalava-non-atteint\\\/#primaryimage\"},\"image\":{\"@id\":\"https:\\\/\\\/eu.aimint.org\\\/fr\\\/priez-pour-le-peuple-sakalava-non-atteint\\\/#primaryimage\"},\"thumbnailUrl\":\"https:\\\/\\\/eu.aimint.org\\\/wp-content\\\/uploads\\\/2017\\\/06\\\/Sakalava-feature-image.jpg\",\"datePublished\":\"2022-04-13T08:38:21+00:00\",\"dateModified\":\"2025-10-15T08:52:24+00:00\",\"breadcrumb\":{\"@id\":\"https:\\\/\\\/eu.aimint.org\\\/fr\\\/priez-pour-le-peuple-sakalava-non-atteint\\\/#breadcrumb\"},\"inLanguage\":\"fr-FR\",\"potentialAction\":[{\"@type\":\"ReadAction\",\"target\":[\"https:\\\/\\\/eu.aimint.org\\\/fr\\\/priez-pour-le-peuple-sakalava-non-atteint\\\/\"]}]},{\"@type\":\"ImageObject\",\"inLanguage\":\"fr-FR\",\"@id\":\"https:\\\/\\\/eu.aimint.org\\\/fr\\\/priez-pour-le-peuple-sakalava-non-atteint\\\/#primaryimage\",\"url\":\"https:\\\/\\\/eu.aimint.org\\\/wp-content\\\/uploads\\\/2017\\\/06\\\/Sakalava-feature-image.jpg\",\"contentUrl\":\"https:\\\/\\\/eu.aimint.org\\\/wp-content\\\/uploads\\\/2017\\\/06\\\/Sakalava-feature-image.jpg\",\"width\":2000,\"height\":1125},{\"@type\":\"BreadcrumbList\",\"@id\":\"https:\\\/\\\/eu.aimint.org\\\/fr\\\/priez-pour-le-peuple-sakalava-non-atteint\\\/#breadcrumb\",\"itemListElement\":[{\"@type\":\"ListItem\",\"position\":1,\"name\":\"Home\",\"item\":\"https:\\\/\\\/eu.aimint.org\\\/fr\\\/accueil-3\\\/\"},{\"@type\":\"ListItem\",\"position\":2,\"name\":\"Priez pour le peuple Sakalava non atteint\"}]},{\"@type\":\"WebSite\",\"@id\":\"https:\\\/\\\/eu.aimint.org\\\/fr\\\/#website\",\"url\":\"https:\\\/\\\/eu.aimint.org\\\/fr\\\/\",\"name\":\"Africa Inland Mission (Europe)\",\"description\":\"Reaching the unreached together\",\"publisher\":{\"@id\":\"https:\\\/\\\/eu.aimint.org\\\/fr\\\/#organization\"},\"potentialAction\":[{\"@type\":\"SearchAction\",\"target\":{\"@type\":\"EntryPoint\",\"urlTemplate\":\"https:\\\/\\\/eu.aimint.org\\\/fr\\\/?s={search_term_string}\"},\"query-input\":{\"@type\":\"PropertyValueSpecification\",\"valueRequired\":true,\"valueName\":\"search_term_string\"}}],\"inLanguage\":\"fr-FR\"},{\"@type\":\"Organization\",\"@id\":\"https:\\\/\\\/eu.aimint.org\\\/fr\\\/#organization\",\"name\":\"Africa Inland Mission (Europe)\",\"url\":\"https:\\\/\\\/eu.aimint.org\\\/fr\\\/\",\"logo\":{\"@type\":\"ImageObject\",\"inLanguage\":\"fr-FR\",\"@id\":\"https:\\\/\\\/eu.aimint.org\\\/fr\\\/#\\\/schema\\\/logo\\\/image\\\/\",\"url\":\"https:\\\/\\\/eu.aimint.org\\\/wp-content\\\/uploads\\\/2023\\\/09\\\/AIM-long-logo-colour.png\",\"contentUrl\":\"https:\\\/\\\/eu.aimint.org\\\/wp-content\\\/uploads\\\/2023\\\/09\\\/AIM-long-logo-colour.png\",\"width\":811,\"height\":203,\"caption\":\"Africa Inland Mission (Europe)\"},\"image\":{\"@id\":\"https:\\\/\\\/eu.aimint.org\\\/fr\\\/#\\\/schema\\\/logo\\\/image\\\/\"},\"sameAs\":[\"http:\\\/\\\/www.facebook.com\\\/aimeurope\",\"https:\\\/\\\/x.com\\\/aimeurope\"]}]}<\/script>\n<!-- \/ Yoast SEO plugin. -->","yoast_head_json":{"title":"Priez pour le peuple Sakalava non atteint - Africa Inland Mission (Europe)","robots":{"index":"index","follow":"follow","max-snippet":"max-snippet:-1","max-image-preview":"max-image-preview:large","max-video-preview":"max-video-preview:-1"},"canonical":"https:\/\/eu.aimint.org\/fr\/priez-pour-le-peuple-sakalava-non-atteint\/","og_locale":"fr_FR","og_type":"article","og_title":"Priez pour le peuple Sakalava non atteint - Africa Inland Mission (Europe)","og_description":"Les Sakalava vivent dans l'Ouest et le Nord-Ouest de Madagascar. Ils constituent un groupe ethnique minoritaire, repr\u00e9sentant environ 6,2% de la population.","og_url":"https:\/\/eu.aimint.org\/fr\/priez-pour-le-peuple-sakalava-non-atteint\/","og_site_name":"Africa Inland Mission (Europe)","article_publisher":"http:\/\/www.facebook.com\/aimeurope","article_modified_time":"2025-10-15T08:52:24+00:00","og_image":[{"width":2000,"height":1125,"url":"https:\/\/eu.aimint.org\/wp-content\/uploads\/2017\/06\/Sakalava-feature-image.jpg","type":"image\/jpeg"}],"twitter_card":"summary_large_image","twitter_site":"@aimeurope","twitter_misc":{"Dur\u00e9e de lecture estim\u00e9e":"2 minutes"},"schema":{"@context":"https:\/\/schema.org","@graph":[{"@type":"WebPage","@id":"https:\/\/eu.aimint.org\/fr\/priez-pour-le-peuple-sakalava-non-atteint\/","url":"https:\/\/eu.aimint.org\/fr\/priez-pour-le-peuple-sakalava-non-atteint\/","name":"Priez pour le peuple Sakalava non atteint - Africa Inland Mission (Europe)","isPartOf":{"@id":"https:\/\/eu.aimint.org\/fr\/#website"},"primaryImageOfPage":{"@id":"https:\/\/eu.aimint.org\/fr\/priez-pour-le-peuple-sakalava-non-atteint\/#primaryimage"},"image":{"@id":"https:\/\/eu.aimint.org\/fr\/priez-pour-le-peuple-sakalava-non-atteint\/#primaryimage"},"thumbnailUrl":"https:\/\/eu.aimint.org\/wp-content\/uploads\/2017\/06\/Sakalava-feature-image.jpg","datePublished":"2022-04-13T08:38:21+00:00","dateModified":"2025-10-15T08:52:24+00:00","breadcrumb":{"@id":"https:\/\/eu.aimint.org\/fr\/priez-pour-le-peuple-sakalava-non-atteint\/#breadcrumb"},"inLanguage":"fr-FR","potentialAction":[{"@type":"ReadAction","target":["https:\/\/eu.aimint.org\/fr\/priez-pour-le-peuple-sakalava-non-atteint\/"]}]},{"@type":"ImageObject","inLanguage":"fr-FR","@id":"https:\/\/eu.aimint.org\/fr\/priez-pour-le-peuple-sakalava-non-atteint\/#primaryimage","url":"https:\/\/eu.aimint.org\/wp-content\/uploads\/2017\/06\/Sakalava-feature-image.jpg","contentUrl":"https:\/\/eu.aimint.org\/wp-content\/uploads\/2017\/06\/Sakalava-feature-image.jpg","width":2000,"height":1125},{"@type":"BreadcrumbList","@id":"https:\/\/eu.aimint.org\/fr\/priez-pour-le-peuple-sakalava-non-atteint\/#breadcrumb","itemListElement":[{"@type":"ListItem","position":1,"name":"Home","item":"https:\/\/eu.aimint.org\/fr\/accueil-3\/"},{"@type":"ListItem","position":2,"name":"Priez pour le peuple Sakalava non atteint"}]},{"@type":"WebSite","@id":"https:\/\/eu.aimint.org\/fr\/#website","url":"https:\/\/eu.aimint.org\/fr\/","name":"Africa Inland Mission (Europe)","description":"Reaching the unreached together","publisher":{"@id":"https:\/\/eu.aimint.org\/fr\/#organization"},"potentialAction":[{"@type":"SearchAction","target":{"@type":"EntryPoint","urlTemplate":"https:\/\/eu.aimint.org\/fr\/?s={search_term_string}"},"query-input":{"@type":"PropertyValueSpecification","valueRequired":true,"valueName":"search_term_string"}}],"inLanguage":"fr-FR"},{"@type":"Organization","@id":"https:\/\/eu.aimint.org\/fr\/#organization","name":"Africa Inland Mission (Europe)","url":"https:\/\/eu.aimint.org\/fr\/","logo":{"@type":"ImageObject","inLanguage":"fr-FR","@id":"https:\/\/eu.aimint.org\/fr\/#\/schema\/logo\/image\/","url":"https:\/\/eu.aimint.org\/wp-content\/uploads\/2023\/09\/AIM-long-logo-colour.png","contentUrl":"https:\/\/eu.aimint.org\/wp-content\/uploads\/2023\/09\/AIM-long-logo-colour.png","width":811,"height":203,"caption":"Africa Inland Mission (Europe)"},"image":{"@id":"https:\/\/eu.aimint.org\/fr\/#\/schema\/logo\/image\/"},"sameAs":["http:\/\/www.facebook.com\/aimeurope","https:\/\/x.com\/aimeurope"]}]}},"campaignId":"","publishpress_future_action":{"enabled":false,"date":"2026-05-01 02:10:35","action":"change-status","newStatus":"draft","terms":[],"taxonomy":"translation_priority","extraData":[]},"publishpress_future_workflow_manual_trigger":{"enabledWorkflows":[]},"_links":{"self":[{"href":"https:\/\/eu.aimint.org\/fr\/wp-json\/wp\/v2\/pages\/49240","targetHints":{"allow":["GET"]}}],"collection":[{"href":"https:\/\/eu.aimint.org\/fr\/wp-json\/wp\/v2\/pages"}],"about":[{"href":"https:\/\/eu.aimint.org\/fr\/wp-json\/wp\/v2\/types\/page"}],"author":[{"embeddable":true,"href":"https:\/\/eu.aimint.org\/fr\/wp-json\/wp\/v2\/users\/15"}],"replies":[{"embeddable":true,"href":"https:\/\/eu.aimint.org\/fr\/wp-json\/wp\/v2\/comments?post=49240"}],"version-history":[{"count":0,"href":"https:\/\/eu.aimint.org\/fr\/wp-json\/wp\/v2\/pages\/49240\/revisions"}],"wp:featuredmedia":[{"embeddable":true,"href":"https:\/\/eu.aimint.org\/fr\/wp-json\/wp\/v2\/media\/13963"}],"wp:attachment":[{"href":"https:\/\/eu.aimint.org\/fr\/wp-json\/wp\/v2\/media?parent=49240"}],"wp:term":[{"taxonomy":"pages_cats","embeddable":true,"href":"https:\/\/eu.aimint.org\/fr\/wp-json\/wp\/v2\/pages_cats?post=49240"}],"curies":[{"name":"wp","href":"https:\/\/api.w.org\/{rel}","templated":true}]}}