{"id":49176,"date":"2022-04-11T16:20:09","date_gmt":"2022-04-11T16:20:09","guid":{"rendered":"https:\/\/eu.aimint.org\/a-propos\/dans-les-coulisses\/prier-et-donner-a-lequipe-daim-europe\/"},"modified":"2025-10-15T09:57:44","modified_gmt":"2025-10-15T08:57:44","slug":"prier-et-donner-a-lequipe-daim-europe","status":"publish","type":"page","link":"https:\/\/eu.aimint.org\/fr\/a-propos\/dans-les-coulisses\/prier-et-donner-a-lequipe-daim-europe\/","title":{"rendered":"Prier et donner \u00e0 l&#8217;\u00e9quipe d&#8217;AIM Europe"},"content":{"rendered":"\t\t<div data-elementor-type=\"wp-page\" data-elementor-id=\"49176\" class=\"elementor elementor-49176\" data-elementor-post-type=\"page\">\n\t\t\t\t\t\t<section class=\"elementor-section elementor-top-section elementor-element elementor-element-58f6710 elementor-section-boxed elementor-section-height-default elementor-section-height-default\" data-id=\"58f6710\" data-element_type=\"section\" data-e-type=\"section\" data-settings=\"{&quot;background_background&quot;:&quot;classic&quot;}\">\n\t\t\t\t\t\t\t<div class=\"elementor-background-overlay\"><\/div>\n\t\t\t\t\t\t\t<div class=\"elementor-container elementor-column-gap-wide\">\n\t\t\t\t\t<div class=\"elementor-column elementor-col-66 elementor-top-column elementor-element elementor-element-b91625e\" data-id=\"b91625e\" data-element_type=\"column\" data-e-type=\"column\">\n\t\t\t<div class=\"elementor-widget-wrap elementor-element-populated\">\n\t\t\t\t\t\t<div class=\"elementor-element elementor-element-501ef13 elementor-widget elementor-widget-heading\" data-id=\"501ef13\" data-element_type=\"widget\" data-e-type=\"widget\" data-widget_type=\"heading.default\">\n\t\t\t\t\t<h1 class=\"elementor-heading-title elementor-size-xl\">Priez et donnez \u00e0 <br><span style=\"font-weight:300\">l'\u00e9quipe d'AIM Europe<\/span><\/h1>\t\t\t\t<\/div>\n\t\t\t\t<div class=\"elementor-element elementor-element-f75ae69 animated-slow elementor-widget-divider--view-line elementor-widget elementor-widget-divider\" data-id=\"f75ae69\" data-element_type=\"widget\" data-e-type=\"widget\" data-settings=\"{&quot;_animation&quot;:&quot;none&quot;,&quot;_animation_delay&quot;:50}\" data-widget_type=\"divider.default\">\n\t\t\t\t\t\t\t<div class=\"elementor-divider\">\n\t\t\t<span class=\"elementor-divider-separator\">\n\t\t\t\t\t\t<\/span>\n\t\t<\/div>\n\t\t\t\t\t\t<\/div>\n\t\t\t\t<div class=\"elementor-element elementor-element-6db37bd elementor-widget elementor-widget-text-editor\" data-id=\"6db37bd\" data-element_type=\"widget\" data-e-type=\"widget\" data-widget_type=\"text-editor.default\">\n\t\t\t\t\t\t\t\t\t<div>Voici les derniers sujets de pri\u00e8re et le formulaire de don pour l&#8217;\u00e9quipe du bureau d&#8217;AIM Europe. Merci. <\/div>\t\t\t\t\t\t\t\t<\/div>\n\t\t\t\t\t<\/div>\n\t\t<\/div>\n\t\t\t\t<div class=\"elementor-column elementor-col-33 elementor-top-column elementor-element elementor-element-9aeed66\" data-id=\"9aeed66\" data-element_type=\"column\" data-e-type=\"column\">\n\t\t\t<div class=\"elementor-widget-wrap\">\n\t\t\t\t\t\t\t<\/div>\n\t\t<\/div>\n\t\t\t\t\t<\/div>\n\t\t<\/section>\n\t\t\t\t<section class=\"elementor-section elementor-top-section elementor-element elementor-element-178f607 elementor-section-boxed elementor-section-height-default elementor-section-height-default\" data-id=\"178f607\" data-element_type=\"section\" data-e-type=\"section\" data-settings=\"{&quot;background_background&quot;:&quot;classic&quot;}\">\n\t\t\t\t\t\t<div class=\"elementor-container elementor-column-gap-wide\">\n\t\t\t\t\t<div class=\"elementor-column elementor-col-33 elementor-top-column elementor-element elementor-element-f08a41f\" data-id=\"f08a41f\" data-element_type=\"column\" data-e-type=\"column\">\n\t\t\t<div class=\"elementor-widget-wrap elementor-element-populated\">\n\t\t\t\t\t\t<div class=\"elementor-element elementor-element-977e913 animated-fast elementor-invisible elementor-widget elementor-widget-image\" data-id=\"977e913\" data-element_type=\"widget\" data-e-type=\"widget\" data-settings=\"{&quot;_animation&quot;:&quot;fadeIn&quot;,&quot;motion_fx_motion_fx_scrolling&quot;:&quot;yes&quot;,&quot;motion_fx_rotateZ_effect&quot;:&quot;yes&quot;,&quot;motion_fx_rotateZ_speed&quot;:{&quot;unit&quot;:&quot;px&quot;,&quot;size&quot;:0.1000000000000000055511151231257827021181583404541015625,&quot;sizes&quot;:[]},&quot;motion_fx_rotateZ_affectedRange&quot;:{&quot;unit&quot;:&quot;%&quot;,&quot;size&quot;:&quot;&quot;,&quot;sizes&quot;:{&quot;start&quot;:0,&quot;end&quot;:100}},&quot;motion_fx_devices&quot;:[&quot;desktop&quot;,&quot;tablet_extra&quot;,&quot;tablet&quot;,&quot;mobile_extra&quot;,&quot;mobile&quot;]}\" data-widget_type=\"image.default\">\n\t\t\t\t\t\t\t\t\t\t\t\t\t\t\t<img fetchpriority=\"high\" decoding=\"async\" width=\"600\" height=\"400\" src=\"https:\/\/eu.aimint.org\/wp-content\/uploads\/2020\/12\/hac.jpg\" class=\"attachment-large size-large wp-image-39218\" alt=\"\" srcset=\"https:\/\/eu.aimint.org\/wp-content\/uploads\/2020\/12\/hac.jpg 600w, https:\/\/eu.aimint.org\/wp-content\/uploads\/2020\/12\/hac-300x200.jpg 300w, https:\/\/eu.aimint.org\/wp-content\/uploads\/2020\/12\/hac-330x220.jpg 330w\" sizes=\"(max-width: 600px) 100vw, 600px\" \/>\t\t\t\t\t\t\t\t\t\t\t\t\t\t\t<\/div>\n\t\t\t\t<div class=\"elementor-element elementor-element-447720b elementor-widget elementor-widget-wp-widget-give_forms_widget\" data-id=\"447720b\" data-element_type=\"widget\" data-e-type=\"widget\" data-widget_type=\"wp-widget-give_forms_widget.default\">\n\t\t\t\t<div class=\"elementor-widget-container\">\n\t\t\t\t\t<div class=\"give-embed-form-wrapper\" id=\"give-69f02ed014f6d\"><iframe\n\t\t\t\tname=\"give-embed-form\"\n\t\t\t\tsrc=\"https:\/\/eu.aimint.org\/fr\/give\/aim-europe\/?giveDonationFormInIframe=1\"\n\t\t\t\t\n\t\t\t\tdata-autoScroll=\"0\"\n\t\t\t\tonload=\"if( 'undefined' !== typeof Give ) { Give.initializeIframeResize(this) }\"\n\t\t\t\tstyle=\"border: 0;visibility: hidden;min-height: 645px;\"><\/iframe><div class=\"iframe-loader\">\n<div style=\"\n\t\theight: calc(100% - 28px);\n\t\twidth: calc(100% - 20px);\n\t\tmax-width: 552px;\n\t\tmargin: 10px auto 10px auto;\n\t\tbackground: transparent;\n\t\tborder-radius: 6px;\n\t\tdisplay: flex;\n\t\talign-items: center;\n\t\tjustify-content: center;\n\t\">\n    <div style=\"\n        pointer-events: none;\n        height: 90px;\n        width: 90px;\n        background-image: url(&quot;data:image\/svg+xml;charset=utf8,%3C?xml version='1.0' encoding='utf-8'?%3E%3C!-- Generator: Adobe Illustrator 24.1.0, SVG Export Plug-In . SVG Version: 6.00 Build 0) --%3E%3Csvg version='1.1' id='Layer_1' xmlns='http:\/\/www.w3.org\/2000\/svg' xmlns:xlink='http:\/\/www.w3.org\/1999\/xlink' x='0px' y='0px' viewBox='0 0 349 348' style='enable-background:new 0 0 349 348;' xml:space='preserve'%3E%3Cstyle type='text\/css'%3E .st0{fill:%2359d1c7;} %3C\/style%3E%3Cpath class='st0' d='M25.1,204.57c-13.38,0-24.47-10.6-24.97-24.08C0.04,178.09,0,175.97,0,174C0,77.78,78.28-0.5,174.5-0.5 c13.81,0,25,11.19,25,25s-11.19,25-25,25C105.85,49.5,50,105.35,50,174c0,1.37,0.03,2.85,0.1,4.65c0.51,13.8-10.27,25.39-24.07,25.9 C25.72,204.56,25.41,204.57,25.1,204.57z'\/%3E%3Cpath class='st0' d='M174.5,348.5c-13.81,0-25-11.19-25-25c0-13.81,11.19-25,25-25c68.65,0,124.5-55.85,124.5-124.5 c0-1.38-0.03-2.85-0.1-4.65c-0.51-13.8,10.26-25.4,24.06-25.91c13.83-0.53,25.4,10.26,25.91,24.06c0.09,2.39,0.13,4.51,0.13,6.49 C349,270.22,270.72,348.5,174.5,348.5z'\/%3E%3C\/svg%3E&quot;);\n        animation: spin 0.6s linear infinite;\n        \"><\/div>\n<\/div>\n<\/div><\/div>\t\t\t\t<\/div>\n\t\t\t\t<\/div>\n\t\t\t\t\t<\/div>\n\t\t<\/div>\n\t\t\t\t<div class=\"elementor-column elementor-col-66 elementor-top-column elementor-element elementor-element-027fe4e\" data-id=\"027fe4e\" data-element_type=\"column\" data-e-type=\"column\">\n\t\t\t<div class=\"elementor-widget-wrap elementor-element-populated\">\n\t\t\t\t\t\t\t<\/div>\n\t\t<\/div>\n\t\t\t\t\t<\/div>\n\t\t<\/section>\n\t\t\t\t<\/div>\n\t\t","protected":false},"excerpt":{"rendered":"<p>Priez et donnez \u00e0 l&#8217;\u00e9quipe d&#8217;AIM Europe Voici les derniers sujets de pri\u00e8re et le [&hellip;]<\/p>\n","protected":false},"author":15,"featured_media":0,"parent":39589,"menu_order":0,"comment_status":"closed","ping_status":"closed","template":"","meta":{"_acf_changed":false,"give_campaign_id":0,"wpupg_custom_link":[],"wpupg_custom_link_behaviour":[],"wpupg_custom_link_nofollow":[],"wpupg_custom_image":[],"wpupg_custom_image_id":[],"_monsterinsights_skip_tracking":false,"_monsterinsights_sitenote_active":false,"_monsterinsights_sitenote_note":"","_monsterinsights_sitenote_category":0,"site-sidebar-layout":"no-sidebar","site-content-layout":"page-builder","ast-site-content-layout":"default","site-content-style":"default","site-sidebar-style":"default","ast-global-header-display":"","ast-banner-title-visibility":"","ast-main-header-display":"","ast-hfb-above-header-display":"","ast-hfb-below-header-display":"","ast-hfb-mobile-header-display":"","site-post-title":"disabled","ast-breadcrumbs-content":"","ast-featured-img":"disabled","footer-sml-layout":"","ast-disable-related-posts":"","theme-transparent-header-meta":"default","adv-header-id-meta":"","stick-header-meta":"","header-above-stick-meta":"","header-main-stick-meta":"","header-below-stick-meta":"","astra-migrate-meta-layouts":"default","ast-page-background-enabled":"default","ast-page-background-meta":{"desktop":{"background-color":"","background-image":"","background-repeat":"repeat","background-position":"center center","background-size":"auto","background-attachment":"scroll","background-type":"","background-media":"","overlay-type":"","overlay-color":"","overlay-opacity":"","overlay-gradient":""},"tablet":{"background-color":"","background-image":"","background-repeat":"repeat","background-position":"center center","background-size":"auto","background-attachment":"scroll","background-type":"","background-media":"","overlay-type":"","overlay-color":"","overlay-opacity":"","overlay-gradient":""},"mobile":{"background-color":"","background-image":"","background-repeat":"repeat","background-position":"center center","background-size":"auto","background-attachment":"scroll","background-type":"","background-media":"","overlay-type":"","overlay-color":"","overlay-opacity":"","overlay-gradient":""}},"ast-content-background-meta":{"desktop":{"background-color":"var(--ast-global-color-5)","background-image":"","background-repeat":"repeat","background-position":"center center","background-size":"auto","background-attachment":"scroll","background-type":"","background-media":"","overlay-type":"","overlay-color":"","overlay-opacity":"","overlay-gradient":""},"tablet":{"background-color":"var(--ast-global-color-5)","background-image":"","background-repeat":"repeat","background-position":"center center","background-size":"auto","background-attachment":"scroll","background-type":"","background-media":"","overlay-type":"","overlay-color":"","overlay-opacity":"","overlay-gradient":""},"mobile":{"background-color":"var(--ast-global-color-5)","background-image":"","background-repeat":"repeat","background-position":"center center","background-size":"auto","background-attachment":"scroll","background-type":"","background-media":"","overlay-type":"","overlay-color":"","overlay-opacity":"","overlay-gradient":""}},"_EventAllDay":false,"_EventTimezone":"","_EventStartDate":"","_EventEndDate":"","_EventStartDateUTC":"","_EventEndDateUTC":"","_EventShowMap":false,"_EventShowMapLink":false,"_EventURL":"","_EventCost":"","_EventCostDescription":"","_EventCurrencySymbol":"","_EventCurrencyCode":"","_EventCurrencyPosition":"","_EventDateTimeSeparator":"","_EventTimeRangeSeparator":"","_EventOrganizerID":[],"_EventVenueID":[],"_OrganizerEmail":"","_OrganizerPhone":"","_OrganizerWebsite":"","_VenueAddress":"","_VenueCity":"","_VenueCountry":"","_VenueProvince":"","_VenueState":"","_VenueZip":"","_VenuePhone":"","_VenueURL":"","_VenueStateProvince":"","_VenueLat":"","_VenueLng":"","_VenueShowMap":false,"_VenueShowMapLink":false,"footnotes":""},"pages_cats":[],"class_list":["post-49176","page","type-page","status-publish","hentry"],"acf":[],"yoast_head":"<!-- This site is optimized with the Yoast SEO plugin v27.4 - https:\/\/yoast.com\/product\/yoast-seo-wordpress\/ -->\n<title>Prier et donner \u00e0 l&#039;\u00e9quipe d&#039;AIM Europe - Africa Inland Mission (Europe)<\/title>\n<meta name=\"robots\" content=\"index, follow, max-snippet:-1, max-image-preview:large, max-video-preview:-1\" \/>\n<link rel=\"canonical\" href=\"https:\/\/eu.aimint.org\/fr\/a-propos\/dans-les-coulisses\/prier-et-donner-a-lequipe-daim-europe\/\" \/>\n<meta property=\"og:locale\" content=\"fr_FR\" \/>\n<meta property=\"og:type\" content=\"article\" \/>\n<meta property=\"og:title\" content=\"Prier et donner \u00e0 l&#039;\u00e9quipe d&#039;AIM Europe - Africa Inland Mission (Europe)\" \/>\n<meta property=\"og:description\" content=\"Priez et donnez \u00e0 l&#8217;\u00e9quipe d&#8217;AIM Europe Voici les derniers sujets de pri\u00e8re et le [&hellip;]\" \/>\n<meta property=\"og:url\" content=\"https:\/\/eu.aimint.org\/fr\/a-propos\/dans-les-coulisses\/prier-et-donner-a-lequipe-daim-europe\/\" \/>\n<meta property=\"og:site_name\" content=\"Africa Inland Mission (Europe)\" \/>\n<meta property=\"article:publisher\" content=\"http:\/\/www.facebook.com\/aimeurope\" \/>\n<meta property=\"article:modified_time\" content=\"2025-10-15T08:57:44+00:00\" \/>\n<meta property=\"og:image\" content=\"https:\/\/eu.aimint.org\/wp-content\/uploads\/2020\/12\/hac.jpg\" \/>\n\t<meta property=\"og:image:width\" content=\"600\" \/>\n\t<meta property=\"og:image:height\" content=\"400\" \/>\n\t<meta property=\"og:image:type\" content=\"image\/jpeg\" \/>\n<meta name=\"twitter:card\" content=\"summary_large_image\" \/>\n<meta name=\"twitter:site\" content=\"@aimeurope\" \/>\n<script type=\"application\/ld+json\" class=\"yoast-schema-graph\">{\"@context\":\"https:\\\/\\\/schema.org\",\"@graph\":[{\"@type\":\"WebPage\",\"@id\":\"https:\\\/\\\/eu.aimint.org\\\/fr\\\/a-propos\\\/dans-les-coulisses\\\/prier-et-donner-a-lequipe-daim-europe\\\/\",\"url\":\"https:\\\/\\\/eu.aimint.org\\\/fr\\\/a-propos\\\/dans-les-coulisses\\\/prier-et-donner-a-lequipe-daim-europe\\\/\",\"name\":\"Prier et donner \u00e0 l'\u00e9quipe d'AIM Europe - Africa Inland Mission (Europe)\",\"isPartOf\":{\"@id\":\"https:\\\/\\\/eu.aimint.org\\\/fr\\\/#website\"},\"primaryImageOfPage\":{\"@id\":\"https:\\\/\\\/eu.aimint.org\\\/fr\\\/a-propos\\\/dans-les-coulisses\\\/prier-et-donner-a-lequipe-daim-europe\\\/#primaryimage\"},\"image\":{\"@id\":\"https:\\\/\\\/eu.aimint.org\\\/fr\\\/a-propos\\\/dans-les-coulisses\\\/prier-et-donner-a-lequipe-daim-europe\\\/#primaryimage\"},\"thumbnailUrl\":\"https:\\\/\\\/eu.aimint.org\\\/wp-content\\\/uploads\\\/2020\\\/12\\\/hac.jpg\",\"datePublished\":\"2022-04-11T16:20:09+00:00\",\"dateModified\":\"2025-10-15T08:57:44+00:00\",\"breadcrumb\":{\"@id\":\"https:\\\/\\\/eu.aimint.org\\\/fr\\\/a-propos\\\/dans-les-coulisses\\\/prier-et-donner-a-lequipe-daim-europe\\\/#breadcrumb\"},\"inLanguage\":\"fr-FR\",\"potentialAction\":[{\"@type\":\"ReadAction\",\"target\":[\"https:\\\/\\\/eu.aimint.org\\\/fr\\\/a-propos\\\/dans-les-coulisses\\\/prier-et-donner-a-lequipe-daim-europe\\\/\"]}]},{\"@type\":\"ImageObject\",\"inLanguage\":\"fr-FR\",\"@id\":\"https:\\\/\\\/eu.aimint.org\\\/fr\\\/a-propos\\\/dans-les-coulisses\\\/prier-et-donner-a-lequipe-daim-europe\\\/#primaryimage\",\"url\":\"https:\\\/\\\/eu.aimint.org\\\/wp-content\\\/uploads\\\/2020\\\/12\\\/hac.jpg\",\"contentUrl\":\"https:\\\/\\\/eu.aimint.org\\\/wp-content\\\/uploads\\\/2020\\\/12\\\/hac.jpg\"},{\"@type\":\"BreadcrumbList\",\"@id\":\"https:\\\/\\\/eu.aimint.org\\\/fr\\\/a-propos\\\/dans-les-coulisses\\\/prier-et-donner-a-lequipe-daim-europe\\\/#breadcrumb\",\"itemListElement\":[{\"@type\":\"ListItem\",\"position\":1,\"name\":\"Home\",\"item\":\"https:\\\/\\\/eu.aimint.org\\\/fr\\\/accueil-3\\\/\"},{\"@type\":\"ListItem\",\"position\":2,\"name\":\"A propos\",\"item\":\"https:\\\/\\\/eu.aimint.org\\\/fr\\\/a-propos\\\/\"},{\"@type\":\"ListItem\",\"position\":3,\"name\":\"Dans les coulisses\",\"item\":\"https:\\\/\\\/eu.aimint.org\\\/fr\\\/a-propos\\\/dans-les-coulisses\\\/\"},{\"@type\":\"ListItem\",\"position\":4,\"name\":\"Prier et donner \u00e0 l&#8217;\u00e9quipe d&#8217;AIM Europe\"}]},{\"@type\":\"WebSite\",\"@id\":\"https:\\\/\\\/eu.aimint.org\\\/fr\\\/#website\",\"url\":\"https:\\\/\\\/eu.aimint.org\\\/fr\\\/\",\"name\":\"Africa Inland Mission (Europe)\",\"description\":\"Reaching the unreached together\",\"publisher\":{\"@id\":\"https:\\\/\\\/eu.aimint.org\\\/fr\\\/#organization\"},\"potentialAction\":[{\"@type\":\"SearchAction\",\"target\":{\"@type\":\"EntryPoint\",\"urlTemplate\":\"https:\\\/\\\/eu.aimint.org\\\/fr\\\/?s={search_term_string}\"},\"query-input\":{\"@type\":\"PropertyValueSpecification\",\"valueRequired\":true,\"valueName\":\"search_term_string\"}}],\"inLanguage\":\"fr-FR\"},{\"@type\":\"Organization\",\"@id\":\"https:\\\/\\\/eu.aimint.org\\\/fr\\\/#organization\",\"name\":\"Africa Inland Mission (Europe)\",\"url\":\"https:\\\/\\\/eu.aimint.org\\\/fr\\\/\",\"logo\":{\"@type\":\"ImageObject\",\"inLanguage\":\"fr-FR\",\"@id\":\"https:\\\/\\\/eu.aimint.org\\\/fr\\\/#\\\/schema\\\/logo\\\/image\\\/\",\"url\":\"https:\\\/\\\/eu.aimint.org\\\/wp-content\\\/uploads\\\/2023\\\/09\\\/AIM-long-logo-colour.png\",\"contentUrl\":\"https:\\\/\\\/eu.aimint.org\\\/wp-content\\\/uploads\\\/2023\\\/09\\\/AIM-long-logo-colour.png\",\"width\":811,\"height\":203,\"caption\":\"Africa Inland Mission (Europe)\"},\"image\":{\"@id\":\"https:\\\/\\\/eu.aimint.org\\\/fr\\\/#\\\/schema\\\/logo\\\/image\\\/\"},\"sameAs\":[\"http:\\\/\\\/www.facebook.com\\\/aimeurope\",\"https:\\\/\\\/x.com\\\/aimeurope\"]}]}<\/script>\n<!-- \/ Yoast SEO plugin. -->","yoast_head_json":{"title":"Prier et donner \u00e0 l'\u00e9quipe d'AIM Europe - Africa Inland Mission (Europe)","robots":{"index":"index","follow":"follow","max-snippet":"max-snippet:-1","max-image-preview":"max-image-preview:large","max-video-preview":"max-video-preview:-1"},"canonical":"https:\/\/eu.aimint.org\/fr\/a-propos\/dans-les-coulisses\/prier-et-donner-a-lequipe-daim-europe\/","og_locale":"fr_FR","og_type":"article","og_title":"Prier et donner \u00e0 l'\u00e9quipe d'AIM Europe - Africa Inland Mission (Europe)","og_description":"Priez et donnez \u00e0 l&#8217;\u00e9quipe d&#8217;AIM Europe Voici les derniers sujets de pri\u00e8re et le [&hellip;]","og_url":"https:\/\/eu.aimint.org\/fr\/a-propos\/dans-les-coulisses\/prier-et-donner-a-lequipe-daim-europe\/","og_site_name":"Africa Inland Mission (Europe)","article_publisher":"http:\/\/www.facebook.com\/aimeurope","article_modified_time":"2025-10-15T08:57:44+00:00","og_image":[{"width":600,"height":400,"url":"https:\/\/eu.aimint.org\/wp-content\/uploads\/2020\/12\/hac.jpg","type":"image\/jpeg"}],"twitter_card":"summary_large_image","twitter_site":"@aimeurope","schema":{"@context":"https:\/\/schema.org","@graph":[{"@type":"WebPage","@id":"https:\/\/eu.aimint.org\/fr\/a-propos\/dans-les-coulisses\/prier-et-donner-a-lequipe-daim-europe\/","url":"https:\/\/eu.aimint.org\/fr\/a-propos\/dans-les-coulisses\/prier-et-donner-a-lequipe-daim-europe\/","name":"Prier et donner \u00e0 l'\u00e9quipe d'AIM Europe - Africa Inland Mission (Europe)","isPartOf":{"@id":"https:\/\/eu.aimint.org\/fr\/#website"},"primaryImageOfPage":{"@id":"https:\/\/eu.aimint.org\/fr\/a-propos\/dans-les-coulisses\/prier-et-donner-a-lequipe-daim-europe\/#primaryimage"},"image":{"@id":"https:\/\/eu.aimint.org\/fr\/a-propos\/dans-les-coulisses\/prier-et-donner-a-lequipe-daim-europe\/#primaryimage"},"thumbnailUrl":"https:\/\/eu.aimint.org\/wp-content\/uploads\/2020\/12\/hac.jpg","datePublished":"2022-04-11T16:20:09+00:00","dateModified":"2025-10-15T08:57:44+00:00","breadcrumb":{"@id":"https:\/\/eu.aimint.org\/fr\/a-propos\/dans-les-coulisses\/prier-et-donner-a-lequipe-daim-europe\/#breadcrumb"},"inLanguage":"fr-FR","potentialAction":[{"@type":"ReadAction","target":["https:\/\/eu.aimint.org\/fr\/a-propos\/dans-les-coulisses\/prier-et-donner-a-lequipe-daim-europe\/"]}]},{"@type":"ImageObject","inLanguage":"fr-FR","@id":"https:\/\/eu.aimint.org\/fr\/a-propos\/dans-les-coulisses\/prier-et-donner-a-lequipe-daim-europe\/#primaryimage","url":"https:\/\/eu.aimint.org\/wp-content\/uploads\/2020\/12\/hac.jpg","contentUrl":"https:\/\/eu.aimint.org\/wp-content\/uploads\/2020\/12\/hac.jpg"},{"@type":"BreadcrumbList","@id":"https:\/\/eu.aimint.org\/fr\/a-propos\/dans-les-coulisses\/prier-et-donner-a-lequipe-daim-europe\/#breadcrumb","itemListElement":[{"@type":"ListItem","position":1,"name":"Home","item":"https:\/\/eu.aimint.org\/fr\/accueil-3\/"},{"@type":"ListItem","position":2,"name":"A propos","item":"https:\/\/eu.aimint.org\/fr\/a-propos\/"},{"@type":"ListItem","position":3,"name":"Dans les coulisses","item":"https:\/\/eu.aimint.org\/fr\/a-propos\/dans-les-coulisses\/"},{"@type":"ListItem","position":4,"name":"Prier et donner \u00e0 l&#8217;\u00e9quipe d&#8217;AIM Europe"}]},{"@type":"WebSite","@id":"https:\/\/eu.aimint.org\/fr\/#website","url":"https:\/\/eu.aimint.org\/fr\/","name":"Africa Inland Mission (Europe)","description":"Reaching the unreached together","publisher":{"@id":"https:\/\/eu.aimint.org\/fr\/#organization"},"potentialAction":[{"@type":"SearchAction","target":{"@type":"EntryPoint","urlTemplate":"https:\/\/eu.aimint.org\/fr\/?s={search_term_string}"},"query-input":{"@type":"PropertyValueSpecification","valueRequired":true,"valueName":"search_term_string"}}],"inLanguage":"fr-FR"},{"@type":"Organization","@id":"https:\/\/eu.aimint.org\/fr\/#organization","name":"Africa Inland Mission (Europe)","url":"https:\/\/eu.aimint.org\/fr\/","logo":{"@type":"ImageObject","inLanguage":"fr-FR","@id":"https:\/\/eu.aimint.org\/fr\/#\/schema\/logo\/image\/","url":"https:\/\/eu.aimint.org\/wp-content\/uploads\/2023\/09\/AIM-long-logo-colour.png","contentUrl":"https:\/\/eu.aimint.org\/wp-content\/uploads\/2023\/09\/AIM-long-logo-colour.png","width":811,"height":203,"caption":"Africa Inland Mission (Europe)"},"image":{"@id":"https:\/\/eu.aimint.org\/fr\/#\/schema\/logo\/image\/"},"sameAs":["http:\/\/www.facebook.com\/aimeurope","https:\/\/x.com\/aimeurope"]}]}},"campaignId":"","publishpress_future_action":{"enabled":false,"date":"2026-05-05 04:51:44","action":"change-status","newStatus":"draft","terms":[],"taxonomy":"translation_priority","extraData":[]},"publishpress_future_workflow_manual_trigger":{"enabledWorkflows":[]},"_links":{"self":[{"href":"https:\/\/eu.aimint.org\/fr\/wp-json\/wp\/v2\/pages\/49176","targetHints":{"allow":["GET"]}}],"collection":[{"href":"https:\/\/eu.aimint.org\/fr\/wp-json\/wp\/v2\/pages"}],"about":[{"href":"https:\/\/eu.aimint.org\/fr\/wp-json\/wp\/v2\/types\/page"}],"author":[{"embeddable":true,"href":"https:\/\/eu.aimint.org\/fr\/wp-json\/wp\/v2\/users\/15"}],"replies":[{"embeddable":true,"href":"https:\/\/eu.aimint.org\/fr\/wp-json\/wp\/v2\/comments?post=49176"}],"version-history":[{"count":0,"href":"https:\/\/eu.aimint.org\/fr\/wp-json\/wp\/v2\/pages\/49176\/revisions"}],"up":[{"embeddable":true,"href":"https:\/\/eu.aimint.org\/fr\/wp-json\/wp\/v2\/pages\/39589"}],"wp:attachment":[{"href":"https:\/\/eu.aimint.org\/fr\/wp-json\/wp\/v2\/media?parent=49176"}],"wp:term":[{"taxonomy":"pages_cats","embeddable":true,"href":"https:\/\/eu.aimint.org\/fr\/wp-json\/wp\/v2\/pages_cats?post=49176"}],"curies":[{"name":"wp","href":"https:\/\/api.w.org\/{rel}","templated":true}]}}