{"id":48147,"date":"2022-02-22T20:14:33","date_gmt":"2022-02-22T20:14:33","guid":{"rendered":"https:\/\/eu.aimint.org\/covid-19\/"},"modified":"2025-10-15T09:52:02","modified_gmt":"2025-10-15T08:52:02","slug":"covid-19","status":"publish","type":"page","link":"https:\/\/eu.aimint.org\/fr\/covid-19\/","title":{"rendered":"Covid-19"},"content":{"rendered":"\t\t<div data-elementor-type=\"wp-page\" data-elementor-id=\"48147\" class=\"elementor elementor-48147\" data-elementor-post-type=\"page\">\n\t\t\t\t\t\t<section class=\"elementor-section elementor-top-section elementor-element elementor-element-e2f0378 elementor-section-content-middle elementor-section-boxed elementor-section-height-default elementor-section-height-default\" data-id=\"e2f0378\" data-element_type=\"section\" data-e-type=\"section\" data-settings=\"{&quot;background_background&quot;:&quot;classic&quot;,&quot;background_motion_fx_motion_fx_scrolling&quot;:&quot;yes&quot;,&quot;background_motion_fx_translateY_effect&quot;:&quot;yes&quot;,&quot;background_motion_fx_translateY_speed&quot;:{&quot;unit&quot;:&quot;px&quot;,&quot;size&quot;:4,&quot;sizes&quot;:[]},&quot;background_motion_fx_translateY_affectedRange&quot;:{&quot;unit&quot;:&quot;%&quot;,&quot;size&quot;:&quot;&quot;,&quot;sizes&quot;:{&quot;start&quot;:0,&quot;end&quot;:100}},&quot;background_motion_fx_devices&quot;:[&quot;desktop&quot;,&quot;tablet_extra&quot;,&quot;tablet&quot;,&quot;mobile_extra&quot;,&quot;mobile&quot;]}\">\n\t\t\t\t\t\t\t<div class=\"elementor-background-overlay\"><\/div>\n\t\t\t\t\t\t\t<div class=\"elementor-container elementor-column-gap-wide\">\n\t\t\t\t\t<div class=\"elementor-column elementor-col-16 elementor-top-column elementor-element elementor-element-cd958c7\" data-id=\"cd958c7\" data-element_type=\"column\" data-e-type=\"column\">\n\t\t\t<div class=\"elementor-widget-wrap\">\n\t\t\t\t\t\t\t<\/div>\n\t\t<\/div>\n\t\t\t\t<div class=\"elementor-column elementor-col-66 elementor-top-column elementor-element elementor-element-8361dc1 elementor-hidden-tablet elementor-hidden-phone\" data-id=\"8361dc1\" data-element_type=\"column\" data-e-type=\"column\">\n\t\t\t<div class=\"elementor-widget-wrap elementor-element-populated\">\n\t\t\t\t\t\t<div class=\"elementor-element elementor-element-0e00539 animated-slow elementor-widget elementor-widget-heading\" data-id=\"0e00539\" data-element_type=\"widget\" data-e-type=\"widget\" data-settings=\"{&quot;_animation&quot;:&quot;none&quot;,&quot;_animation_delay&quot;:100}\" data-widget_type=\"heading.default\">\n\t\t\t\t\t<h2 class=\"elementor-heading-title elementor-size-xl\">Covid-19 actualit\u00e9<\/h2>\t\t\t\t<\/div>\n\t\t\t\t<div class=\"elementor-element elementor-element-7caa894 animated-slow elementor-widget-divider--view-line elementor-widget elementor-widget-divider\" data-id=\"7caa894\" data-element_type=\"widget\" data-e-type=\"widget\" data-settings=\"{&quot;_animation&quot;:&quot;none&quot;,&quot;_animation_delay&quot;:50}\" data-widget_type=\"divider.default\">\n\t\t\t\t\t\t\t<div class=\"elementor-divider\">\n\t\t\t<span class=\"elementor-divider-separator\">\n\t\t\t\t\t\t<\/span>\n\t\t<\/div>\n\t\t\t\t\t\t<\/div>\n\t\t\t\t<div class=\"elementor-element elementor-element-5849d37 animated-slow elementor-widget elementor-widget-heading\" data-id=\"5849d37\" data-element_type=\"widget\" data-e-type=\"widget\" data-settings=\"{&quot;_animation&quot;:&quot;none&quot;}\" data-widget_type=\"heading.default\">\n\t\t\t\t\t<h3 class=\"elementor-heading-title elementor-size-large\">Mise \u00e0 jour: 25 Juin 2021<\/h3>\t\t\t\t<\/div>\n\t\t\t\t\t<\/div>\n\t\t<\/div>\n\t\t\t\t<div class=\"elementor-column elementor-col-16 elementor-top-column elementor-element elementor-element-f0338bd\" data-id=\"f0338bd\" data-element_type=\"column\" data-e-type=\"column\">\n\t\t\t<div class=\"elementor-widget-wrap\">\n\t\t\t\t\t\t\t<\/div>\n\t\t<\/div>\n\t\t\t\t\t<\/div>\n\t\t<\/section>\n\t\t\t\t<section class=\"elementor-section elementor-top-section elementor-element elementor-element-7de515a elementor-section-boxed elementor-section-height-default elementor-section-height-default\" data-id=\"7de515a\" data-element_type=\"section\" data-e-type=\"section\">\n\t\t\t\t\t\t<div class=\"elementor-container elementor-column-gap-wide\">\n\t\t\t\t\t<div class=\"elementor-column elementor-col-16 elementor-top-column elementor-element elementor-element-16edba0\" data-id=\"16edba0\" data-element_type=\"column\" data-e-type=\"column\">\n\t\t\t<div class=\"elementor-widget-wrap\">\n\t\t\t\t\t\t\t<\/div>\n\t\t<\/div>\n\t\t\t\t<div class=\"elementor-column elementor-col-66 elementor-top-column elementor-element elementor-element-58fa28f\" data-id=\"58fa28f\" data-element_type=\"column\" data-e-type=\"column\">\n\t\t\t<div class=\"elementor-widget-wrap elementor-element-populated\">\n\t\t\t\t\t\t<div class=\"elementor-element elementor-element-186dae9 elementor-widget elementor-widget-text-editor\" data-id=\"186dae9\" data-element_type=\"widget\" data-e-type=\"widget\" data-widget_type=\"text-editor.default\">\n\t\t\t\t\t\t\t\t\t<h2 style=\"font-style: normal; font-family: proxima-nova, sans-serif; letter-spacing: normal;\">Pri\u00e8res pour l&#8217;Afrique :<\/h2>\n<p style=\"font-size: 16px; font-style: normal;\"><span style=\"font-size: 16px; font-weight: bold;\">Pour des ressources permettant aux enfants de prier pour la situation actuelle, <a style=\"font-size: 16px; font-weight: 700 !important;\" href=\"https:\/\/eu.aimint.org\/getinvolved\/publications\/connectjunior\/\">cliquez ici<\/a>.<\/span><\/p>\n<p style=\"font-size: 16px; font-style: normal;\">Le nombre de cas de Covid est en augmentation dans un certain nombre de pays africains :<\/p>\n<ul style=\"font-size: 16px; font-style: normal;\">\n<li style=\"font-size: 16px;\">L&#8217;Ouganda conna\u00eet une recrudescence des cas de Covid-19, qui s&#8217;av\u00e8rent plus infectieux et mortels que le pr\u00e9c\u00e9dent. Si les fronti\u00e8res et l&#8217;a\u00e9roport restent ouverts, le pays est pour ainsi dire en confinement, car les transports publics, les voitures priv\u00e9es et les passagers sur les bodas sont interdits &#8211; il ne reste que les v\u00e9hicules gouvernementaux, les v\u00e9hicules m\u00e9dicaux (et les voitures servant les patients du Covid-19) et les v\u00e9hicules touristiques. Certains secteurs d&#8217;activit\u00e9 (comme l&#8217;agriculture et l&#8217;industrie manufacturi\u00e8re) ne sont pas affect\u00e9s, tandis que d&#8217;autres sont tenus de r\u00e9duire leur main-d&#8217;\u0153uvre \u00e0 10 %. Les mesures actuelles nous am\u00e8nent jusqu&#8217;\u00e0 la fin du mois de juillet.<\/li>\n<li style=\"font-size: 16px;\"><span style=\"font-size: 16px; font-style: normal;\">Priez pour le Kenya o\u00f9 les cas de Covid-19 continuent \u00e9galement d&#8217;augmenter.<\/span><\/li>\n<li style=\"font-size: 16px;\">Merci de continuer \u00e0 prier pour ceux qui travaillent comme soignants sur le continent. Il n&#8217;y a tout simplement pas assez de ressources et d&#8217;\u00e9quipements en Afrique pour faire face \u00e0 une \u00e9pid\u00e9mie de l&#8217;ampleur de celle que nous avons connue en Europe et aux \u00c9tats-Unis. De nombreux soignants sont pr\u00eats \u00e0 intervenir en cas d&#8217;urgence depuis le mois de mars et les niveaux de stress prolong\u00e9s se font sentir.<\/li>\n<\/ul>\n<h2 style=\"font-style: normal; font-family: proxima-nova, sans-serif; letter-spacing: normal;\">Pri\u00e8res pour nos missionnaires \u00e0 long et \u00e0 court terme :<\/h2>\n<ul style=\"font-size: 16px; font-style: normal;\">\n<li style=\"font-size: 16px;\">Un certain nombre de nos missionnaires \u00e0 long terme sur les \u00eeles de l&#8217;oc\u00e9an Indien se remettent du Covid-19, mais certains luttent contre la fatigue post-virale. <a style=\"font-size: 16px;\" href=\"https:\/\/eu.aimint.org\/people\/kay\/\">Priez tout particuli\u00e8rement pour Kay<\/a>. <\/li>\n<li style=\"font-size: 16px;\">Il ne reste plus que quelques semaines d&#8217;\u00e9cole \u00e0 Rift Valley Academy (RVA) et la remise des dipl\u00f4mes est pr\u00e9vue pour le 10 juillet. Priez pour les \u00e9l\u00e8ves de derni\u00e8re ann\u00e9e qui terminent leur exp\u00e9rience \u00e0 RVA, obtiennent leur dipl\u00f4me et se dispersent \u00e0 travers le monde pour poursuivre les projets de Dieu pour leur vie. Priez pour le personnel et les \u00e9tudiants qui luttent contre la lassitude et pour que le Seigneur renouvelle leur force alors qu&#8217;ils cherchent \u00e0 bien terminer l&#8217;ann\u00e9e. <\/li>\n<li style=\"font-size: 16px;\">Priez pour les missionnaires qui souhaitent pouvoir retourner sur le terrain\/commencer leur mission trans-culturelle, mais qui attendent leurs vaccins au Royaume-Uni avant de pouvoir voyager. Priez pour que les vaccinations puissent avoir lieu rapidement et remerciez Dieu pour la libert\u00e9 et la possibilit\u00e9 de minist\u00e8re qu&#8217;elles offrent.<\/li>\n<\/ul>\n<div>\n<h2 style=\"font-style: normal; font-family: proxima-nova, sans-serif; letter-spacing: normal;\">Pri\u00e8res pour l&#8217;Afrique :<\/h2>\n<p style=\"font-size: 16px; font-style: normal;\"><span style=\"font-size: 16px; font-weight: bold;\">Pour des ressources permettant aux enfants de prier pour la situation actuelle, <a style=\"font-size: 16px; font-weight: 700 !important;\" href=\"https:\/\/eu.aimint.org\/getinvolved\/publications\/connectjunior\/\">cliquez ici<\/a>.<\/span><\/p>\n<p>Le nombre de cas de Covid est en augmentation dans un certain nombre de pays africains :<\/p>\n<ul>\n<li style=\"font-size: 16px;\">L&#8217;Ouganda conna\u00eet une recrudescence des cas de Covid-19, qui s&#8217;av\u00e8rent plus infectieux et mortels que le pr\u00e9c\u00e9dent. Si les fronti\u00e8res et l&#8217;a\u00e9roport restent ouverts, le pays est pour ainsi dire en confinement, car les transports publics, les voitures priv\u00e9es et les passagers sur les bodas sont interdits &#8211; il ne reste que les v\u00e9hicules gouvernementaux, les v\u00e9hicules m\u00e9dicaux (et les voitures servant les patients du Covid-19) et les v\u00e9hicules touristiques. Certains secteurs d&#8217;activit\u00e9 (comme l&#8217;agriculture et l&#8217;industrie manufacturi\u00e8re) ne sont pas affect\u00e9s, tandis que d&#8217;autres sont tenus de r\u00e9duire leur main-d&#8217;\u0153uvre \u00e0 10 %. Les mesures actuelles nous am\u00e8nent jusqu&#8217;\u00e0 la fin du mois de juillet.<\/li>\n<li style=\"font-size: 16px;\"><span style=\"font-size: 16px; font-style: normal;\">Priez pour le Kenya o\u00f9 les cas de Covid-19 continuent \u00e9galement d&#8217;augmenter.<\/span><\/li>\n<li style=\"font-size: 16px;\">Merci de continuer \u00e0 prier pour ceux qui travaillent comme soignants sur le continent. Il n&#8217;y a tout simplement pas assez de ressources et d&#8217;\u00e9quipements en Afrique pour faire face \u00e0 une \u00e9pid\u00e9mie de l&#8217;ampleur de celle que nous avons connue en Europe et aux \u00c9tats-Unis. De nombreux soignants sont pr\u00eats \u00e0 intervenir en cas d&#8217;urgence depuis le mois de mars et les niveaux de stress prolong\u00e9s se font sentir.<\/li>\n<\/ul>\n<\/div>\n<h2>Pri\u00e8res pour le bureau d&#8217;AIM Europe :<\/h2>\n<ul>\n<li><span style=\"font-size: 16px; letter-spacing: 0px;\">Remercions le Seigneur que tout le personnel de notre bureau ait re\u00e7u au moins une vaccination.<\/span><\/li>\n<li>Cela fait maintenant plus d&#8217;un an que notre bureau de Nottingham a \u00e9t\u00e9 ferm\u00e9 conform\u00e9ment aux recommandations du gouvernement et tout le personnel continue \u00e0 travailler \u00e0 domicile. Alors que nous r\u00e9fl\u00e9chissons aux futures modalit\u00e9s de travail, priez pour que nous soyons ouverts \u00e0 laisser Dieu nous guider et que nous cherchions \u00e0 g\u00e9rer au mieux les ressources qu&#8217;il nous a donn\u00e9es.<\/li>\n<li><span style=\"font-size: 16px; letter-spacing: 0px;\">Merci de continuer \u00e0 prier pour nous, en tant qu&#8217;\u00e9quipe, alors que nous cherchons les meilleurs moyens de r\u00e9colter des fonds en cette p\u00e9riode de crise \u00e9conomique, et que nous gardions les yeux fix\u00e9s sur J\u00e9sus, qui pourvoit \u00e0 tous nos besoins.<\/span><\/li>\n<\/ul>\n<h2>Pri\u00e8res g\u00e9n\u00e9rales pour le Royaume-Uni et tous les pays touch\u00e9s par la pand\u00e9mie :<\/h2>\n<ul>\n<li>Priez pour les professionnels de la sant\u00e9 qui s&#8217;occupent des personnes atteintes du Covid-19. Priez pour qu&#8217;ils soient prot\u00e9g\u00e9s du virus, pour qu&#8217;ils aient de l&#8217;endurance pendant les longues et intenses heures de travail, et pour que des protocoles s\u00fbrs soient observ\u00e9s dans les \u00e9tablissements de sant\u00e9 afin de les prot\u00e9ger. Priez pour que les soignants recherchent le Seigneur pendant cette crise.<\/li>\n<li>Priez pour les responsables d&#8217;\u00e9glises qui servent leurs \u00e9glises et les communaut\u00e9s touch\u00e9es et infect\u00e9es par le Covid-19. Nous prions pour que le Saint-Esprit donne \u00e0 ces bergers-responsables les bons mots pour le bon moment et les bonnes actions pour chaque situation. Priez qu&#8217;ils communiquent l&#8217;\u00c9vangile par leur c\u0153ur, leurs paroles et leurs actes \u00e0 chaque personne qu&#8217;ils servent.<\/li>\n<li>Priez pour le corps de Christ dans le monde entier, pour que, bien que l&#8217;\u00e9glise soit tr\u00e8s diff\u00e9rente dans de nombreux endroits, les \u00e9glises se l\u00e8vent pour prier et soutenir les malades et leurs soignants de mani\u00e8re pratique et sacrificielle. Priez pour que l&#8217;\u00e9glise soit une lumi\u00e8re sur une colline dans les h\u00f4pitaux, les communaut\u00e9s et les villes o\u00f9 Dieu l&#8217;a plac\u00e9e. Priez pour un flot d&#8217;amour, de compassion et de service, au nom de J\u00e9sus.<\/li>\n<li>Priez pour les responsables gouvernementaux et les dirigeants qui guident les pays et les organisations \u00e0 travers la crise. Nous reconnaissons que le Seigneur a permis \u00e0 chacun d&#8217;\u00eatre en position d&#8217;influence durant cette p\u00e9riode. Priez pour qu&#8217;ils mobilisent rapidement et efficacement les ressources l\u00e0 o\u00f9 elles sont le plus n\u00e9cessaires. Priez pour tous ceux qui travaillent en coulisses et pour la bonne administration et l&#8217;ex\u00e9cution des efforts de secours dans le monde entier.<\/li>\n<\/ul>\t\t\t\t\t\t\t\t<\/div>\n\t\t\t\t<div class=\"elementor-element elementor-element-82037ba elementor-widget elementor-widget-button\" data-id=\"82037ba\" data-element_type=\"widget\" data-e-type=\"widget\" data-widget_type=\"button.default\">\n\t\t\t\t\t\t\t\t\t\t<a class=\"elementor-button elementor-button-link elementor-size-sm\" href=\"https:\/\/eu.aimint.org\/fr\/simpliquer\/donner-2-2\/\">\n\t\t\t\t\t\t<span class=\"elementor-button-content-wrapper\">\n\t\t\t\t\t\t<span class=\"elementor-button-icon\">\n\t\t\t\t<i aria-hidden=\"true\" class=\"fas fa-hand-holding-heart\"><\/i>\t\t\t<\/span>\n\t\t\t\t\t\t\t\t\t<span class=\"elementor-button-text\">Cliquez ici pour donner au travail d'AIM Europe<\/span>\n\t\t\t\t\t<\/span>\n\t\t\t\t\t<\/a>\n\t\t\t\t\t\t\t\t<\/div>\n\t\t\t\t\t<\/div>\n\t\t<\/div>\n\t\t\t\t<div class=\"elementor-column elementor-col-16 elementor-top-column elementor-element elementor-element-3887676\" data-id=\"3887676\" data-element_type=\"column\" data-e-type=\"column\">\n\t\t\t<div class=\"elementor-widget-wrap\">\n\t\t\t\t\t\t\t<\/div>\n\t\t<\/div>\n\t\t\t\t\t<\/div>\n\t\t<\/section>\n\t\t\t\t<\/div>\n\t\t","protected":false},"excerpt":{"rendered":"<p>Covid-19 actualit\u00e9 Mise \u00e0 jour: 25 Juin 2021 Pri\u00e8res pour l&#8217;Afrique : Pour des ressources [&hellip;]<\/p>\n","protected":false},"author":15,"featured_media":0,"parent":0,"menu_order":0,"comment_status":"closed","ping_status":"closed","template":"","meta":{"_acf_changed":false,"give_campaign_id":0,"wpupg_custom_link":[],"wpupg_custom_link_behaviour":[],"wpupg_custom_link_nofollow":[],"wpupg_custom_image":[],"wpupg_custom_image_id":[],"_monsterinsights_skip_tracking":false,"_monsterinsights_sitenote_active":false,"_monsterinsights_sitenote_note":"","_monsterinsights_sitenote_category":0,"site-sidebar-layout":"no-sidebar","site-content-layout":"page-builder","ast-site-content-layout":"default","site-content-style":"default","site-sidebar-style":"default","ast-global-header-display":"","ast-banner-title-visibility":"","ast-main-header-display":"","ast-hfb-above-header-display":"","ast-hfb-below-header-display":"","ast-hfb-mobile-header-display":"","site-post-title":"disabled","ast-breadcrumbs-content":"","ast-featured-img":"disabled","footer-sml-layout":"","ast-disable-related-posts":"","theme-transparent-header-meta":"default","adv-header-id-meta":"","stick-header-meta":"","header-above-stick-meta":"","header-main-stick-meta":"","header-below-stick-meta":"","astra-migrate-meta-layouts":"default","ast-page-background-enabled":"default","ast-page-background-meta":{"desktop":{"background-color":"","background-image":"","background-repeat":"repeat","background-position":"center center","background-size":"auto","background-attachment":"scroll","background-type":"","background-media":"","overlay-type":"","overlay-color":"","overlay-opacity":"","overlay-gradient":""},"tablet":{"background-color":"","background-image":"","background-repeat":"repeat","background-position":"center center","background-size":"auto","background-attachment":"scroll","background-type":"","background-media":"","overlay-type":"","overlay-color":"","overlay-opacity":"","overlay-gradient":""},"mobile":{"background-color":"","background-image":"","background-repeat":"repeat","background-position":"center center","background-size":"auto","background-attachment":"scroll","background-type":"","background-media":"","overlay-type":"","overlay-color":"","overlay-opacity":"","overlay-gradient":""}},"ast-content-background-meta":{"desktop":{"background-color":"var(--ast-global-color-5)","background-image":"","background-repeat":"repeat","background-position":"center center","background-size":"auto","background-attachment":"scroll","background-type":"","background-media":"","overlay-type":"","overlay-color":"","overlay-opacity":"","overlay-gradient":""},"tablet":{"background-color":"var(--ast-global-color-5)","background-image":"","background-repeat":"repeat","background-position":"center center","background-size":"auto","background-attachment":"scroll","background-type":"","background-media":"","overlay-type":"","overlay-color":"","overlay-opacity":"","overlay-gradient":""},"mobile":{"background-color":"var(--ast-global-color-5)","background-image":"","background-repeat":"repeat","background-position":"center center","background-size":"auto","background-attachment":"scroll","background-type":"","background-media":"","overlay-type":"","overlay-color":"","overlay-opacity":"","overlay-gradient":""}},"_EventAllDay":false,"_EventTimezone":"","_EventStartDate":"","_EventEndDate":"","_EventStartDateUTC":"","_EventEndDateUTC":"","_EventShowMap":false,"_EventShowMapLink":false,"_EventURL":"","_EventCost":"","_EventCostDescription":"","_EventCurrencySymbol":"","_EventCurrencyCode":"","_EventCurrencyPosition":"","_EventDateTimeSeparator":"","_EventTimeRangeSeparator":"","_EventOrganizerID":[],"_EventVenueID":[],"_OrganizerEmail":"","_OrganizerPhone":"","_OrganizerWebsite":"","_VenueAddress":"","_VenueCity":"","_VenueCountry":"","_VenueProvince":"","_VenueState":"","_VenueZip":"","_VenuePhone":"","_VenueURL":"","_VenueStateProvince":"","_VenueLat":"","_VenueLng":"","_VenueShowMap":false,"_VenueShowMapLink":false,"footnotes":""},"pages_cats":[],"class_list":["post-48147","page","type-page","status-publish","hentry"],"acf":[],"yoast_head":"<!-- This site is optimized with the Yoast SEO plugin v27.4 - https:\/\/yoast.com\/product\/yoast-seo-wordpress\/ -->\n<title>Covid-19 - Africa Inland Mission (Europe)<\/title>\n<meta name=\"robots\" content=\"index, follow, max-snippet:-1, max-image-preview:large, max-video-preview:-1\" \/>\n<link rel=\"canonical\" href=\"https:\/\/eu.aimint.org\/fr\/covid-19\/\" \/>\n<meta property=\"og:locale\" content=\"fr_FR\" \/>\n<meta property=\"og:type\" content=\"article\" \/>\n<meta property=\"og:title\" content=\"Covid-19 - Africa Inland Mission (Europe)\" \/>\n<meta property=\"og:description\" content=\"Covid-19 actualit\u00e9 Mise \u00e0 jour: 25 Juin 2021 Pri\u00e8res pour l&#8217;Afrique : Pour des ressources [&hellip;]\" \/>\n<meta property=\"og:url\" content=\"https:\/\/eu.aimint.org\/fr\/covid-19\/\" \/>\n<meta property=\"og:site_name\" content=\"Africa Inland Mission (Europe)\" \/>\n<meta property=\"article:publisher\" content=\"http:\/\/www.facebook.com\/aimeurope\" \/>\n<meta property=\"article:modified_time\" content=\"2025-10-15T08:52:02+00:00\" \/>\n<meta name=\"twitter:card\" content=\"summary_large_image\" \/>\n<meta name=\"twitter:site\" content=\"@aimeurope\" \/>\n<meta name=\"twitter:label1\" content=\"Dur\u00e9e de lecture estim\u00e9e\" \/>\n\t<meta name=\"twitter:data1\" content=\"6 minutes\" \/>\n<script type=\"application\/ld+json\" class=\"yoast-schema-graph\">{\"@context\":\"https:\\\/\\\/schema.org\",\"@graph\":[{\"@type\":\"WebPage\",\"@id\":\"https:\\\/\\\/eu.aimint.org\\\/fr\\\/covid-19\\\/\",\"url\":\"https:\\\/\\\/eu.aimint.org\\\/fr\\\/covid-19\\\/\",\"name\":\"Covid-19 - Africa Inland Mission (Europe)\",\"isPartOf\":{\"@id\":\"https:\\\/\\\/eu.aimint.org\\\/fr\\\/#website\"},\"datePublished\":\"2022-02-22T20:14:33+00:00\",\"dateModified\":\"2025-10-15T08:52:02+00:00\",\"breadcrumb\":{\"@id\":\"https:\\\/\\\/eu.aimint.org\\\/fr\\\/covid-19\\\/#breadcrumb\"},\"inLanguage\":\"fr-FR\",\"potentialAction\":[{\"@type\":\"ReadAction\",\"target\":[\"https:\\\/\\\/eu.aimint.org\\\/fr\\\/covid-19\\\/\"]}]},{\"@type\":\"BreadcrumbList\",\"@id\":\"https:\\\/\\\/eu.aimint.org\\\/fr\\\/covid-19\\\/#breadcrumb\",\"itemListElement\":[{\"@type\":\"ListItem\",\"position\":1,\"name\":\"Home\",\"item\":\"https:\\\/\\\/eu.aimint.org\\\/fr\\\/accueil-3\\\/\"},{\"@type\":\"ListItem\",\"position\":2,\"name\":\"Covid-19\"}]},{\"@type\":\"WebSite\",\"@id\":\"https:\\\/\\\/eu.aimint.org\\\/fr\\\/#website\",\"url\":\"https:\\\/\\\/eu.aimint.org\\\/fr\\\/\",\"name\":\"Africa Inland Mission (Europe)\",\"description\":\"Reaching the unreached together\",\"publisher\":{\"@id\":\"https:\\\/\\\/eu.aimint.org\\\/fr\\\/#organization\"},\"potentialAction\":[{\"@type\":\"SearchAction\",\"target\":{\"@type\":\"EntryPoint\",\"urlTemplate\":\"https:\\\/\\\/eu.aimint.org\\\/fr\\\/?s={search_term_string}\"},\"query-input\":{\"@type\":\"PropertyValueSpecification\",\"valueRequired\":true,\"valueName\":\"search_term_string\"}}],\"inLanguage\":\"fr-FR\"},{\"@type\":\"Organization\",\"@id\":\"https:\\\/\\\/eu.aimint.org\\\/fr\\\/#organization\",\"name\":\"Africa Inland Mission (Europe)\",\"url\":\"https:\\\/\\\/eu.aimint.org\\\/fr\\\/\",\"logo\":{\"@type\":\"ImageObject\",\"inLanguage\":\"fr-FR\",\"@id\":\"https:\\\/\\\/eu.aimint.org\\\/fr\\\/#\\\/schema\\\/logo\\\/image\\\/\",\"url\":\"https:\\\/\\\/eu.aimint.org\\\/wp-content\\\/uploads\\\/2023\\\/09\\\/AIM-long-logo-colour.png\",\"contentUrl\":\"https:\\\/\\\/eu.aimint.org\\\/wp-content\\\/uploads\\\/2023\\\/09\\\/AIM-long-logo-colour.png\",\"width\":811,\"height\":203,\"caption\":\"Africa Inland Mission (Europe)\"},\"image\":{\"@id\":\"https:\\\/\\\/eu.aimint.org\\\/fr\\\/#\\\/schema\\\/logo\\\/image\\\/\"},\"sameAs\":[\"http:\\\/\\\/www.facebook.com\\\/aimeurope\",\"https:\\\/\\\/x.com\\\/aimeurope\"]}]}<\/script>\n<!-- \/ Yoast SEO plugin. -->","yoast_head_json":{"title":"Covid-19 - Africa Inland Mission (Europe)","robots":{"index":"index","follow":"follow","max-snippet":"max-snippet:-1","max-image-preview":"max-image-preview:large","max-video-preview":"max-video-preview:-1"},"canonical":"https:\/\/eu.aimint.org\/fr\/covid-19\/","og_locale":"fr_FR","og_type":"article","og_title":"Covid-19 - Africa Inland Mission (Europe)","og_description":"Covid-19 actualit\u00e9 Mise \u00e0 jour: 25 Juin 2021 Pri\u00e8res pour l&#8217;Afrique : Pour des ressources [&hellip;]","og_url":"https:\/\/eu.aimint.org\/fr\/covid-19\/","og_site_name":"Africa Inland Mission (Europe)","article_publisher":"http:\/\/www.facebook.com\/aimeurope","article_modified_time":"2025-10-15T08:52:02+00:00","twitter_card":"summary_large_image","twitter_site":"@aimeurope","twitter_misc":{"Dur\u00e9e de lecture estim\u00e9e":"6 minutes"},"schema":{"@context":"https:\/\/schema.org","@graph":[{"@type":"WebPage","@id":"https:\/\/eu.aimint.org\/fr\/covid-19\/","url":"https:\/\/eu.aimint.org\/fr\/covid-19\/","name":"Covid-19 - Africa Inland Mission (Europe)","isPartOf":{"@id":"https:\/\/eu.aimint.org\/fr\/#website"},"datePublished":"2022-02-22T20:14:33+00:00","dateModified":"2025-10-15T08:52:02+00:00","breadcrumb":{"@id":"https:\/\/eu.aimint.org\/fr\/covid-19\/#breadcrumb"},"inLanguage":"fr-FR","potentialAction":[{"@type":"ReadAction","target":["https:\/\/eu.aimint.org\/fr\/covid-19\/"]}]},{"@type":"BreadcrumbList","@id":"https:\/\/eu.aimint.org\/fr\/covid-19\/#breadcrumb","itemListElement":[{"@type":"ListItem","position":1,"name":"Home","item":"https:\/\/eu.aimint.org\/fr\/accueil-3\/"},{"@type":"ListItem","position":2,"name":"Covid-19"}]},{"@type":"WebSite","@id":"https:\/\/eu.aimint.org\/fr\/#website","url":"https:\/\/eu.aimint.org\/fr\/","name":"Africa Inland Mission (Europe)","description":"Reaching the unreached together","publisher":{"@id":"https:\/\/eu.aimint.org\/fr\/#organization"},"potentialAction":[{"@type":"SearchAction","target":{"@type":"EntryPoint","urlTemplate":"https:\/\/eu.aimint.org\/fr\/?s={search_term_string}"},"query-input":{"@type":"PropertyValueSpecification","valueRequired":true,"valueName":"search_term_string"}}],"inLanguage":"fr-FR"},{"@type":"Organization","@id":"https:\/\/eu.aimint.org\/fr\/#organization","name":"Africa Inland Mission (Europe)","url":"https:\/\/eu.aimint.org\/fr\/","logo":{"@type":"ImageObject","inLanguage":"fr-FR","@id":"https:\/\/eu.aimint.org\/fr\/#\/schema\/logo\/image\/","url":"https:\/\/eu.aimint.org\/wp-content\/uploads\/2023\/09\/AIM-long-logo-colour.png","contentUrl":"https:\/\/eu.aimint.org\/wp-content\/uploads\/2023\/09\/AIM-long-logo-colour.png","width":811,"height":203,"caption":"Africa Inland Mission (Europe)"},"image":{"@id":"https:\/\/eu.aimint.org\/fr\/#\/schema\/logo\/image\/"},"sameAs":["http:\/\/www.facebook.com\/aimeurope","https:\/\/x.com\/aimeurope"]}]}},"campaignId":"","publishpress_future_action":{"enabled":false,"date":"2026-04-24 08:25:11","action":"change-status","newStatus":"draft","terms":[],"taxonomy":"translation_priority","extraData":[]},"publishpress_future_workflow_manual_trigger":{"enabledWorkflows":[]},"_links":{"self":[{"href":"https:\/\/eu.aimint.org\/fr\/wp-json\/wp\/v2\/pages\/48147","targetHints":{"allow":["GET"]}}],"collection":[{"href":"https:\/\/eu.aimint.org\/fr\/wp-json\/wp\/v2\/pages"}],"about":[{"href":"https:\/\/eu.aimint.org\/fr\/wp-json\/wp\/v2\/types\/page"}],"author":[{"embeddable":true,"href":"https:\/\/eu.aimint.org\/fr\/wp-json\/wp\/v2\/users\/15"}],"replies":[{"embeddable":true,"href":"https:\/\/eu.aimint.org\/fr\/wp-json\/wp\/v2\/comments?post=48147"}],"version-history":[{"count":0,"href":"https:\/\/eu.aimint.org\/fr\/wp-json\/wp\/v2\/pages\/48147\/revisions"}],"wp:attachment":[{"href":"https:\/\/eu.aimint.org\/fr\/wp-json\/wp\/v2\/media?parent=48147"}],"wp:term":[{"taxonomy":"pages_cats","embeddable":true,"href":"https:\/\/eu.aimint.org\/fr\/wp-json\/wp\/v2\/pages_cats?post=48147"}],"curies":[{"name":"wp","href":"https:\/\/api.w.org\/{rel}","templated":true}]}}